{"id":425,"date":"2017-10-25T10:48:37","date_gmt":"2017-10-25T10:48:37","guid":{"rendered":"https:\/\/www.mcroller.com\/?post_type=product&#038;p=425"},"modified":"2024-02-10T19:35:50","modified_gmt":"2024-02-10T19:35:50","slug":"mcroller-stick-junior-portero-carbono","status":"publish","type":"product","link":"https:\/\/www.mcroller.com\/pt\/loja\/mcroller-stick-junior-portero-carbono\/","title":{"rendered":"McRoller Stick Junior &#8211; Portero Carbono"},"content":{"rendered":"","protected":false},"excerpt":{"rendered":"<p>Bast\u00e3o guarda redes h\u00f3quei em patins, profissional McRoller.<\/p>\n<p>Fabricado em carbono, leve e qualidade profissional m\u00e1xima.<\/p>\n<p>Dispon\u00edvel em 2 tamanhos: S\u00e9nior e J\u00fanior.<\/p>\n","protected":false},"featured_media":346,"template":"","meta":[],"product_cat":[57],"product_tag":[],"acf":[],"yoast_head":"<!-- This site is optimized with the Yoast SEO plugin v18.5.1 - https:\/\/yoast.com\/wordpress\/plugins\/seo\/ -->\n<title>McRoller Stick Junior - Portero Carbono | Hockey McRoller Loja<\/title>\n<meta name=\"robots\" content=\"index, follow, max-snippet:-1, max-image-preview:large, max-video-preview:-1\" \/>\n<link rel=\"canonical\" href=\"https:\/\/www.mcroller.com\/pt\/tienda\/mcroller-stick-junior-portero-carbono\/\" \/>\n<meta property=\"og:locale\" content=\"pt_PT\" \/>\n<meta property=\"og:type\" content=\"article\" \/>\n<meta property=\"og:title\" content=\"McRoller Stick Junior - Portero Carbono | Hockey McRoller Loja\" \/>\n<meta property=\"og:description\" content=\"Bast\u00e3o guarda redes h\u00f3quei em patins, profissional McRoller.  Fabricado em carbono, leve e qualidade profissional m\u00e1xima.  Dispon\u00edvel em 2 tamanhos: S\u00e9nior e J\u00fanior.\" \/>\n<meta property=\"og:url\" content=\"https:\/\/www.mcroller.com\/pt\/tienda\/mcroller-stick-junior-portero-carbono\/\" \/>\n<meta property=\"og:site_name\" content=\"Hockey McRoller Loja\" \/>\n<meta property=\"article:publisher\" content=\"https:\/\/www.facebook.com\/McRoller-184371304938402\/\" \/>\n<meta property=\"article:modified_time\" content=\"2024-02-10T19:35:50+00:00\" \/>\n<meta property=\"og:image\" content=\"https:\/\/www.mcroller.com\/wp-content\/uploads\/2017\/10\/ST4R_Stick_Carbono_junior.jpg\" \/>\n\t<meta property=\"og:image:width\" content=\"1920\" \/>\n\t<meta property=\"og:image:height\" content=\"1280\" \/>\n\t<meta property=\"og:image:type\" content=\"image\/jpeg\" \/>\n<meta name=\"twitter:card\" content=\"summary_large_image\" \/>\n<script type=\"application\/ld+json\" class=\"yoast-schema-graph\">{\"@context\":\"https:\/\/schema.org\",\"@graph\":[{\"@type\":\"WebSite\",\"@id\":\"https:\/\/www.mcroller.com\/pt\/#website\",\"url\":\"https:\/\/www.mcroller.com\/pt\/\",\"name\":\"Hockey McRoller Loja\",\"description\":\"\",\"potentialAction\":[{\"@type\":\"SearchAction\",\"target\":{\"@type\":\"EntryPoint\",\"urlTemplate\":\"https:\/\/www.mcroller.com\/pt\/?s={search_term_string}\"},\"query-input\":\"required name=search_term_string\"}],\"inLanguage\":\"pt-PT\"},{\"@type\":\"ImageObject\",\"@id\":\"https:\/\/www.mcroller.com\/pt\/tienda\/mcroller-stick-junior-portero-carbono\/#primaryimage\",\"inLanguage\":\"pt-PT\",\"url\":\"https:\/\/www.mcroller.com\/wp-content\/uploads\/2017\/10\/ST4R_Stick_Carbono_junior.jpg\",\"contentUrl\":\"https:\/\/www.mcroller.com\/wp-content\/uploads\/2017\/10\/ST4R_Stick_Carbono_junior.jpg\",\"width\":1920,\"height\":1280,\"caption\":\"crosses rink hockey di carbonio\"},{\"@type\":\"WebPage\",\"@id\":\"https:\/\/www.mcroller.com\/pt\/tienda\/mcroller-stick-junior-portero-carbono\/#webpage\",\"url\":\"https:\/\/www.mcroller.com\/pt\/tienda\/mcroller-stick-junior-portero-carbono\/\",\"name\":\"McRoller Stick Junior - Portero Carbono | Hockey McRoller Loja\",\"isPartOf\":{\"@id\":\"https:\/\/www.mcroller.com\/pt\/#website\"},\"primaryImageOfPage\":{\"@id\":\"https:\/\/www.mcroller.com\/pt\/tienda\/mcroller-stick-junior-portero-carbono\/#primaryimage\"},\"datePublished\":\"2017-10-25T10:48:37+00:00\",\"dateModified\":\"2024-02-10T19:35:50+00:00\",\"breadcrumb\":{\"@id\":\"https:\/\/www.mcroller.com\/pt\/tienda\/mcroller-stick-junior-portero-carbono\/#breadcrumb\"},\"inLanguage\":\"pt-PT\",\"potentialAction\":[{\"@type\":\"ReadAction\",\"target\":[[\"https:\/\/www.mcroller.com\/pt\/tienda\/mcroller-stick-junior-portero-carbono\/\"]]}]},{\"@type\":\"BreadcrumbList\",\"@id\":\"https:\/\/www.mcroller.com\/pt\/tienda\/mcroller-stick-junior-portero-carbono\/#breadcrumb\",\"itemListElement\":[{\"@type\":\"ListItem\",\"position\":1,\"name\":\"In\u00edcio\",\"item\":\"https:\/\/www.mcroller.com\/pt\/\"},{\"@type\":\"ListItem\",\"position\":2,\"name\":\"Homepage\",\"item\":\"https:\/\/www.mcroller.com\/pt\/\"},{\"@type\":\"ListItem\",\"position\":3,\"name\":\"McRoller Stick Junior &#8211; Portero Carbono\"}]}]}<\/script>\n<!-- \/ Yoast SEO plugin. -->","yoast_head_json":{"title":"McRoller Stick Junior - Portero Carbono | Hockey McRoller Loja","robots":{"index":"index","follow":"follow","max-snippet":"max-snippet:-1","max-image-preview":"max-image-preview:large","max-video-preview":"max-video-preview:-1"},"canonical":"https:\/\/www.mcroller.com\/pt\/tienda\/mcroller-stick-junior-portero-carbono\/","og_locale":"pt_PT","og_type":"article","og_title":"McRoller Stick Junior - Portero Carbono | Hockey McRoller Loja","og_description":"Bast\u00e3o guarda redes h\u00f3quei em patins, profissional McRoller.  Fabricado em carbono, leve e qualidade profissional m\u00e1xima.  Dispon\u00edvel em 2 tamanhos: S\u00e9nior e J\u00fanior.","og_url":"https:\/\/www.mcroller.com\/pt\/tienda\/mcroller-stick-junior-portero-carbono\/","og_site_name":"Hockey McRoller Loja","article_publisher":"https:\/\/www.facebook.com\/McRoller-184371304938402\/","article_modified_time":"2024-02-10T19:35:50+00:00","og_image":[{"width":1920,"height":1280,"url":"https:\/\/www.mcroller.com\/wp-content\/uploads\/2017\/10\/ST4R_Stick_Carbono_junior.jpg","type":"image\/jpeg"}],"twitter_card":"summary_large_image","schema":{"@context":"https:\/\/schema.org","@graph":[{"@type":"WebSite","@id":"https:\/\/www.mcroller.com\/pt\/#website","url":"https:\/\/www.mcroller.com\/pt\/","name":"Hockey McRoller Loja","description":"","potentialAction":[{"@type":"SearchAction","target":{"@type":"EntryPoint","urlTemplate":"https:\/\/www.mcroller.com\/pt\/?s={search_term_string}"},"query-input":"required name=search_term_string"}],"inLanguage":"pt-PT"},{"@type":"ImageObject","@id":"https:\/\/www.mcroller.com\/pt\/tienda\/mcroller-stick-junior-portero-carbono\/#primaryimage","inLanguage":"pt-PT","url":"https:\/\/www.mcroller.com\/wp-content\/uploads\/2017\/10\/ST4R_Stick_Carbono_junior.jpg","contentUrl":"https:\/\/www.mcroller.com\/wp-content\/uploads\/2017\/10\/ST4R_Stick_Carbono_junior.jpg","width":1920,"height":1280,"caption":"crosses rink hockey di carbonio"},{"@type":"WebPage","@id":"https:\/\/www.mcroller.com\/pt\/tienda\/mcroller-stick-junior-portero-carbono\/#webpage","url":"https:\/\/www.mcroller.com\/pt\/tienda\/mcroller-stick-junior-portero-carbono\/","name":"McRoller Stick Junior - Portero Carbono | Hockey McRoller Loja","isPartOf":{"@id":"https:\/\/www.mcroller.com\/pt\/#website"},"primaryImageOfPage":{"@id":"https:\/\/www.mcroller.com\/pt\/tienda\/mcroller-stick-junior-portero-carbono\/#primaryimage"},"datePublished":"2017-10-25T10:48:37+00:00","dateModified":"2024-02-10T19:35:50+00:00","breadcrumb":{"@id":"https:\/\/www.mcroller.com\/pt\/tienda\/mcroller-stick-junior-portero-carbono\/#breadcrumb"},"inLanguage":"pt-PT","potentialAction":[{"@type":"ReadAction","target":[["https:\/\/www.mcroller.com\/pt\/tienda\/mcroller-stick-junior-portero-carbono\/"]]}]},{"@type":"BreadcrumbList","@id":"https:\/\/www.mcroller.com\/pt\/tienda\/mcroller-stick-junior-portero-carbono\/#breadcrumb","itemListElement":[{"@type":"ListItem","position":1,"name":"In\u00edcio","item":"https:\/\/www.mcroller.com\/pt\/"},{"@type":"ListItem","position":2,"name":"Homepage","item":"https:\/\/www.mcroller.com\/pt\/"},{"@type":"ListItem","position":3,"name":"McRoller Stick Junior &#8211; Portero Carbono"}]}]}},"_links":{"self":[{"href":"https:\/\/www.mcroller.com\/pt\/wp-json\/wp\/v2\/product\/425"}],"collection":[{"href":"https:\/\/www.mcroller.com\/pt\/wp-json\/wp\/v2\/product"}],"about":[{"href":"https:\/\/www.mcroller.com\/pt\/wp-json\/wp\/v2\/types\/product"}],"wp:featuredmedia":[{"embeddable":true,"href":"https:\/\/www.mcroller.com\/pt\/wp-json\/wp\/v2\/media\/346"}],"wp:attachment":[{"href":"https:\/\/www.mcroller.com\/pt\/wp-json\/wp\/v2\/media?parent=425"}],"wp:term":[{"taxonomy":"product_cat","embeddable":true,"href":"https:\/\/www.mcroller.com\/pt\/wp-json\/wp\/v2\/product_cat?post=425"},{"taxonomy":"product_tag","embeddable":true,"href":"https:\/\/www.mcroller.com\/pt\/wp-json\/wp\/v2\/product_tag?post=425"}],"curies":[{"name":"wp","href":"https:\/\/api.w.org\/{rel}","templated":true}]}}