{"id":4810,"date":"2025-03-31T09:15:36","date_gmt":"2025-03-31T09:15:36","guid":{"rendered":"https:\/\/www.mcroller.com\/es\/?post_type=product&#038;p=4810"},"modified":"2026-04-12T08:35:43","modified_gmt":"2026-04-12T08:35:43","slug":"hockey-socks","status":"publish","type":"product","link":"https:\/\/www.mcroller.com\/pt\/loja\/meiashoqui-em-patins-profissionais-2\/","title":{"rendered":"MEIAS DE HOQU\u00c9I"},"content":{"rendered":"<p><img loading=\"lazy\" class=\"alignnone size-medium wp-image-4865\" src=\"https:\/\/www.mcroller.com\/wp-content\/uploads\/2025\/03\/IMG_3656-1-300x98.jpg\" alt=\"\" width=\"300\" height=\"98\" srcset=\"https:\/\/www.mcroller.com\/wp-content\/uploads\/2025\/03\/IMG_3656-1-300x98.jpg 300w, https:\/\/www.mcroller.com\/wp-content\/uploads\/2025\/03\/IMG_3656-1-1024x333.jpg 1024w, https:\/\/www.mcroller.com\/wp-content\/uploads\/2025\/03\/IMG_3656-1-768x250.jpg 768w, https:\/\/www.mcroller.com\/wp-content\/uploads\/2025\/03\/IMG_3656-1-1536x500.jpg 1536w, https:\/\/www.mcroller.com\/wp-content\/uploads\/2025\/03\/IMG_3656-1-2048x666.jpg 2048w, https:\/\/www.mcroller.com\/wp-content\/uploads\/2025\/03\/IMG_3656-1-550x179.jpg 550w, https:\/\/www.mcroller.com\/wp-content\/uploads\/2025\/03\/IMG_3656-1-350x114.jpg 350w\" sizes=\"(max-width: 300px) 100vw, 300px\" \/><\/p>\n","protected":false},"excerpt":{"rendered":"<p>Meias de h\u00f3quei em algod\u00e3o macio com ajuste el\u00e1stico n\u00e3o compressivo que permite uma f\u00e1cil adapta\u00e7\u00e3o \u00e0s canelas.<\/p>\n<p>Tecido respir\u00e1vel para garantir o m\u00e1ximo conforto dos p\u00e9s durante o uso.<\/p>\n","protected":false},"featured_media":4861,"template":"","meta":[],"product_cat":[270,302,38,28],"product_tag":[],"acf":[],"yoast_head":"<!-- This site is optimized with the Yoast SEO plugin v18.5.1 - https:\/\/yoast.com\/wordpress\/plugins\/seo\/ -->\n<title>MEIAS DE HOQU\u00c9I | Hockey McRoller Loja<\/title>\n<meta name=\"robots\" content=\"index, follow, max-snippet:-1, max-image-preview:large, max-video-preview:-1\" \/>\n<link rel=\"canonical\" href=\"https:\/\/www.mcroller.com\/pt\/tienda\/medias-hockey-patines-profesional-2\/\" \/>\n<meta property=\"og:locale\" content=\"pt_PT\" \/>\n<meta property=\"og:type\" content=\"article\" \/>\n<meta property=\"og:title\" content=\"MEIAS DE HOQU\u00c9I | Hockey McRoller Loja\" \/>\n<meta property=\"og:description\" content=\"Meias de h\u00f3quei em algod\u00e3o macio com ajuste el\u00e1stico n\u00e3o compressivo que permite uma f\u00e1cil adapta\u00e7\u00e3o \u00e0s canelas.  Tecido respir\u00e1vel para garantir o m\u00e1ximo conforto dos p\u00e9s durante o uso.\" \/>\n<meta property=\"og:url\" content=\"https:\/\/www.mcroller.com\/pt\/tienda\/medias-hockey-patines-profesional-2\/\" \/>\n<meta property=\"og:site_name\" content=\"Hockey McRoller Loja\" \/>\n<meta property=\"article:publisher\" content=\"https:\/\/www.facebook.com\/McRoller-184371304938402\/\" \/>\n<meta property=\"article:modified_time\" content=\"2026-04-12T08:35:43+00:00\" \/>\n<meta property=\"og:image\" content=\"https:\/\/www.mcroller.com\/wp-content\/uploads\/2025\/03\/IMG_3678-1-scaled.jpg\" \/>\n\t<meta property=\"og:image:width\" content=\"2560\" \/>\n\t<meta property=\"og:image:height\" content=\"930\" \/>\n\t<meta property=\"og:image:type\" content=\"image\/jpeg\" \/>\n<meta name=\"twitter:card\" content=\"summary_large_image\" \/>\n<script type=\"application\/ld+json\" class=\"yoast-schema-graph\">{\"@context\":\"https:\/\/schema.org\",\"@graph\":[{\"@type\":\"WebSite\",\"@id\":\"https:\/\/www.mcroller.com\/pt\/#website\",\"url\":\"https:\/\/www.mcroller.com\/pt\/\",\"name\":\"Hockey McRoller Loja\",\"description\":\"\",\"potentialAction\":[{\"@type\":\"SearchAction\",\"target\":{\"@type\":\"EntryPoint\",\"urlTemplate\":\"https:\/\/www.mcroller.com\/pt\/?s={search_term_string}\"},\"query-input\":\"required name=search_term_string\"}],\"inLanguage\":\"pt-PT\"},{\"@type\":\"ImageObject\",\"@id\":\"https:\/\/www.mcroller.com\/pt\/tienda\/medias-hockey-patines-profesional-2\/#primaryimage\",\"inLanguage\":\"pt-PT\",\"url\":\"https:\/\/www.mcroller.com\/wp-content\/uploads\/2025\/03\/IMG_3678-1-scaled.jpg\",\"contentUrl\":\"https:\/\/www.mcroller.com\/wp-content\/uploads\/2025\/03\/IMG_3678-1-scaled.jpg\",\"width\":2560,\"height\":930},{\"@type\":\"WebPage\",\"@id\":\"https:\/\/www.mcroller.com\/pt\/tienda\/medias-hockey-patines-profesional-2\/#webpage\",\"url\":\"https:\/\/www.mcroller.com\/pt\/tienda\/medias-hockey-patines-profesional-2\/\",\"name\":\"MEIAS DE HOQU\u00c9I | Hockey McRoller Loja\",\"isPartOf\":{\"@id\":\"https:\/\/www.mcroller.com\/pt\/#website\"},\"primaryImageOfPage\":{\"@id\":\"https:\/\/www.mcroller.com\/pt\/tienda\/medias-hockey-patines-profesional-2\/#primaryimage\"},\"datePublished\":\"2025-03-31T09:15:36+00:00\",\"dateModified\":\"2026-04-12T08:35:43+00:00\",\"breadcrumb\":{\"@id\":\"https:\/\/www.mcroller.com\/pt\/tienda\/medias-hockey-patines-profesional-2\/#breadcrumb\"},\"inLanguage\":\"pt-PT\",\"potentialAction\":[{\"@type\":\"ReadAction\",\"target\":[[\"https:\/\/www.mcroller.com\/pt\/tienda\/medias-hockey-patines-profesional-2\/\"]]}]},{\"@type\":\"BreadcrumbList\",\"@id\":\"https:\/\/www.mcroller.com\/pt\/tienda\/medias-hockey-patines-profesional-2\/#breadcrumb\",\"itemListElement\":[{\"@type\":\"ListItem\",\"position\":1,\"name\":\"In\u00edcio\",\"item\":\"https:\/\/www.mcroller.com\/pt\/\"},{\"@type\":\"ListItem\",\"position\":2,\"name\":\"Homepage\",\"item\":\"https:\/\/www.mcroller.com\/pt\/\"},{\"@type\":\"ListItem\",\"position\":3,\"name\":\"CALCET\u00cdN-MEDIA HOCKEY\"}]}]}<\/script>\n<!-- \/ Yoast SEO plugin. -->","yoast_head_json":{"title":"MEIAS DE HOQU\u00c9I | Hockey McRoller Loja","robots":{"index":"index","follow":"follow","max-snippet":"max-snippet:-1","max-image-preview":"max-image-preview:large","max-video-preview":"max-video-preview:-1"},"canonical":"https:\/\/www.mcroller.com\/pt\/tienda\/medias-hockey-patines-profesional-2\/","og_locale":"pt_PT","og_type":"article","og_title":"MEIAS DE HOQU\u00c9I | Hockey McRoller Loja","og_description":"Meias de h\u00f3quei em algod\u00e3o macio com ajuste el\u00e1stico n\u00e3o compressivo que permite uma f\u00e1cil adapta\u00e7\u00e3o \u00e0s canelas.  Tecido respir\u00e1vel para garantir o m\u00e1ximo conforto dos p\u00e9s durante o uso.","og_url":"https:\/\/www.mcroller.com\/pt\/tienda\/medias-hockey-patines-profesional-2\/","og_site_name":"Hockey McRoller Loja","article_publisher":"https:\/\/www.facebook.com\/McRoller-184371304938402\/","article_modified_time":"2026-04-12T08:35:43+00:00","og_image":[{"width":2560,"height":930,"url":"https:\/\/www.mcroller.com\/wp-content\/uploads\/2025\/03\/IMG_3678-1-scaled.jpg","type":"image\/jpeg"}],"twitter_card":"summary_large_image","schema":{"@context":"https:\/\/schema.org","@graph":[{"@type":"WebSite","@id":"https:\/\/www.mcroller.com\/pt\/#website","url":"https:\/\/www.mcroller.com\/pt\/","name":"Hockey McRoller Loja","description":"","potentialAction":[{"@type":"SearchAction","target":{"@type":"EntryPoint","urlTemplate":"https:\/\/www.mcroller.com\/pt\/?s={search_term_string}"},"query-input":"required name=search_term_string"}],"inLanguage":"pt-PT"},{"@type":"ImageObject","@id":"https:\/\/www.mcroller.com\/pt\/tienda\/medias-hockey-patines-profesional-2\/#primaryimage","inLanguage":"pt-PT","url":"https:\/\/www.mcroller.com\/wp-content\/uploads\/2025\/03\/IMG_3678-1-scaled.jpg","contentUrl":"https:\/\/www.mcroller.com\/wp-content\/uploads\/2025\/03\/IMG_3678-1-scaled.jpg","width":2560,"height":930},{"@type":"WebPage","@id":"https:\/\/www.mcroller.com\/pt\/tienda\/medias-hockey-patines-profesional-2\/#webpage","url":"https:\/\/www.mcroller.com\/pt\/tienda\/medias-hockey-patines-profesional-2\/","name":"MEIAS DE HOQU\u00c9I | Hockey McRoller Loja","isPartOf":{"@id":"https:\/\/www.mcroller.com\/pt\/#website"},"primaryImageOfPage":{"@id":"https:\/\/www.mcroller.com\/pt\/tienda\/medias-hockey-patines-profesional-2\/#primaryimage"},"datePublished":"2025-03-31T09:15:36+00:00","dateModified":"2026-04-12T08:35:43+00:00","breadcrumb":{"@id":"https:\/\/www.mcroller.com\/pt\/tienda\/medias-hockey-patines-profesional-2\/#breadcrumb"},"inLanguage":"pt-PT","potentialAction":[{"@type":"ReadAction","target":[["https:\/\/www.mcroller.com\/pt\/tienda\/medias-hockey-patines-profesional-2\/"]]}]},{"@type":"BreadcrumbList","@id":"https:\/\/www.mcroller.com\/pt\/tienda\/medias-hockey-patines-profesional-2\/#breadcrumb","itemListElement":[{"@type":"ListItem","position":1,"name":"In\u00edcio","item":"https:\/\/www.mcroller.com\/pt\/"},{"@type":"ListItem","position":2,"name":"Homepage","item":"https:\/\/www.mcroller.com\/pt\/"},{"@type":"ListItem","position":3,"name":"CALCET\u00cdN-MEDIA HOCKEY"}]}]}},"_links":{"self":[{"href":"https:\/\/www.mcroller.com\/pt\/wp-json\/wp\/v2\/product\/4810"}],"collection":[{"href":"https:\/\/www.mcroller.com\/pt\/wp-json\/wp\/v2\/product"}],"about":[{"href":"https:\/\/www.mcroller.com\/pt\/wp-json\/wp\/v2\/types\/product"}],"wp:featuredmedia":[{"embeddable":true,"href":"https:\/\/www.mcroller.com\/pt\/wp-json\/wp\/v2\/media\/4861"}],"wp:attachment":[{"href":"https:\/\/www.mcroller.com\/pt\/wp-json\/wp\/v2\/media?parent=4810"}],"wp:term":[{"taxonomy":"product_cat","embeddable":true,"href":"https:\/\/www.mcroller.com\/pt\/wp-json\/wp\/v2\/product_cat?post=4810"},{"taxonomy":"product_tag","embeddable":true,"href":"https:\/\/www.mcroller.com\/pt\/wp-json\/wp\/v2\/product_tag?post=4810"}],"curies":[{"name":"wp","href":"https:\/\/api.w.org\/{rel}","templated":true}]}}