{"id":498,"date":"2017-10-31T17:05:05","date_gmt":"2017-10-31T17:05:05","guid":{"rendered":"https:\/\/www.mcroller.com\/?post_type=product&#038;p=498"},"modified":"2024-01-24T08:59:56","modified_gmt":"2024-01-24T08:59:56","slug":"set-pack-3-azul","status":"publish","type":"product","link":"https:\/\/www.mcroller.com\/pt\/loja\/kits-de-3-protecoes-do-jogador-hoquei-em-patins-azul\/","title":{"rendered":"Kits de 3 Prote\u00e7\u00f5es do Jogador Hoquei em patins \u2013 azul"},"content":{"rendered":"<p><img loading=\"lazy\" class=\"aligncenter size-full wp-image-461\" src=\"https:\/\/www.mcroller.com\/wp-content\/uploads\/2017\/10\/SET3B_Pack_Hockey_rodillera_guantes_espinilleras-1.jpg\" alt=\"pack guantes rodilleras espinilleras hockey patines\" width=\"1920\" height=\"1280\" srcset=\"https:\/\/www.mcroller.com\/wp-content\/uploads\/2017\/10\/SET3B_Pack_Hockey_rodillera_guantes_espinilleras-1.jpg 1920w, https:\/\/www.mcroller.com\/wp-content\/uploads\/2017\/10\/SET3B_Pack_Hockey_rodillera_guantes_espinilleras-1-350x233.jpg 350w, https:\/\/www.mcroller.com\/wp-content\/uploads\/2017\/10\/SET3B_Pack_Hockey_rodillera_guantes_espinilleras-1-300x200.jpg 300w, https:\/\/www.mcroller.com\/wp-content\/uploads\/2017\/10\/SET3B_Pack_Hockey_rodillera_guantes_espinilleras-1-768x512.jpg 768w, https:\/\/www.mcroller.com\/wp-content\/uploads\/2017\/10\/SET3B_Pack_Hockey_rodillera_guantes_espinilleras-1-1024x683.jpg 1024w, https:\/\/www.mcroller.com\/wp-content\/uploads\/2017\/10\/SET3B_Pack_Hockey_rodillera_guantes_espinilleras-1-550x367.jpg 550w\" sizes=\"(max-width: 706px) 89vw, (max-width: 767px) 82vw, 740px\" \/><\/p>\n","protected":false},"excerpt":{"rendered":"<div class=\"woocommerce-product-details__short-description\">\n<div class=\"product_desc_txt\">\n<p>Kits de tr\u00eas protetores h\u00f3quei em patins McRoller,\u00a0 fabricados em pele sint\u00e9tica.<\/p>\n<p>Consta de joelheiras, caneleiras e luvas.<\/p>\n<p>Ajuste de joelheiras e caneleiras com velcro, muito confort\u00e1vel e resistente, ideal para a inicia\u00e7\u00e3o no h\u00f3quei em patins.<\/p>\n<p>Dispon\u00edvel em uma vasta gama cores e tamanhos.<\/p>\n<\/div>\n<\/div>\n","protected":false},"featured_media":461,"template":"","meta":[],"product_cat":[81],"product_tag":[],"acf":[],"yoast_head":"<!-- This site is optimized with the Yoast SEO plugin v18.5.1 - https:\/\/yoast.com\/wordpress\/plugins\/seo\/ -->\n<title>Kits de 3 Prote\u00e7\u00f5es do Jogador Hoquei em patins \u2013 azul | Hockey McRoller Loja<\/title>\n<meta name=\"robots\" content=\"index, follow, max-snippet:-1, max-image-preview:large, max-video-preview:-1\" \/>\n<link rel=\"canonical\" href=\"https:\/\/www.mcroller.com\/pt\/tienda\/pack-3-protecciones-hockey-patines-iniciacion-azul\/\" \/>\n<meta property=\"og:locale\" content=\"pt_PT\" \/>\n<meta property=\"og:type\" content=\"article\" \/>\n<meta property=\"og:title\" content=\"Kits de 3 Prote\u00e7\u00f5es do Jogador Hoquei em patins \u2013 azul | Hockey McRoller Loja\" \/>\n<meta property=\"og:description\" content=\"Kits de tr\u00eas protetores h\u00f3quei em patins McRoller,\u00a0 fabricados em pele sint\u00e9tica.  Consta de joelheiras, caneleiras e luvas.  Ajuste de joelheiras e caneleiras com velcro, muito confort\u00e1vel e resistente, ideal para a inicia\u00e7\u00e3o no h\u00f3quei em patins.  Dispon\u00edvel em uma vasta gama cores e tamanhos.\" \/>\n<meta property=\"og:url\" content=\"https:\/\/www.mcroller.com\/pt\/tienda\/pack-3-protecciones-hockey-patines-iniciacion-azul\/\" \/>\n<meta property=\"og:site_name\" content=\"Hockey McRoller Loja\" \/>\n<meta property=\"article:publisher\" content=\"https:\/\/www.facebook.com\/McRoller-184371304938402\/\" \/>\n<meta property=\"article:modified_time\" content=\"2024-01-24T08:59:56+00:00\" \/>\n<meta property=\"og:image\" content=\"https:\/\/www.mcroller.com\/wp-content\/uploads\/2017\/10\/SET3B_Pack_Hockey_rodillera_guantes_espinilleras-1.jpg\" \/>\n\t<meta property=\"og:image:width\" content=\"1920\" \/>\n\t<meta property=\"og:image:height\" content=\"1280\" \/>\n\t<meta property=\"og:image:type\" content=\"image\/jpeg\" \/>\n<meta name=\"twitter:card\" content=\"summary_large_image\" \/>\n<script type=\"application\/ld+json\" class=\"yoast-schema-graph\">{\"@context\":\"https:\/\/schema.org\",\"@graph\":[{\"@type\":\"WebSite\",\"@id\":\"https:\/\/www.mcroller.com\/pt\/#website\",\"url\":\"https:\/\/www.mcroller.com\/pt\/\",\"name\":\"Hockey McRoller Loja\",\"description\":\"\",\"potentialAction\":[{\"@type\":\"SearchAction\",\"target\":{\"@type\":\"EntryPoint\",\"urlTemplate\":\"https:\/\/www.mcroller.com\/pt\/?s={search_term_string}\"},\"query-input\":\"required name=search_term_string\"}],\"inLanguage\":\"pt-PT\"},{\"@type\":\"ImageObject\",\"@id\":\"https:\/\/www.mcroller.com\/pt\/tienda\/pack-3-protecciones-hockey-patines-iniciacion-azul\/#primaryimage\",\"inLanguage\":\"pt-PT\",\"url\":\"https:\/\/www.mcroller.com\/wp-content\/uploads\/2017\/10\/SET3B_Pack_Hockey_rodillera_guantes_espinilleras-1.jpg\",\"contentUrl\":\"https:\/\/www.mcroller.com\/wp-content\/uploads\/2017\/10\/SET3B_Pack_Hockey_rodillera_guantes_espinilleras-1.jpg\",\"width\":1920,\"height\":1280,\"caption\":\"pack guantes rodilleras espinilleras hockey patines\"},{\"@type\":\"WebPage\",\"@id\":\"https:\/\/www.mcroller.com\/pt\/tienda\/pack-3-protecciones-hockey-patines-iniciacion-azul\/#webpage\",\"url\":\"https:\/\/www.mcroller.com\/pt\/tienda\/pack-3-protecciones-hockey-patines-iniciacion-azul\/\",\"name\":\"Kits de 3 Prote\u00e7\u00f5es do Jogador Hoquei em patins \u2013 azul | Hockey McRoller Loja\",\"isPartOf\":{\"@id\":\"https:\/\/www.mcroller.com\/pt\/#website\"},\"primaryImageOfPage\":{\"@id\":\"https:\/\/www.mcroller.com\/pt\/tienda\/pack-3-protecciones-hockey-patines-iniciacion-azul\/#primaryimage\"},\"datePublished\":\"2017-10-31T17:05:05+00:00\",\"dateModified\":\"2024-01-24T08:59:56+00:00\",\"breadcrumb\":{\"@id\":\"https:\/\/www.mcroller.com\/pt\/tienda\/pack-3-protecciones-hockey-patines-iniciacion-azul\/#breadcrumb\"},\"inLanguage\":\"pt-PT\",\"potentialAction\":[{\"@type\":\"ReadAction\",\"target\":[[\"https:\/\/www.mcroller.com\/pt\/tienda\/pack-3-protecciones-hockey-patines-iniciacion-azul\/\"]]}]},{\"@type\":\"BreadcrumbList\",\"@id\":\"https:\/\/www.mcroller.com\/pt\/tienda\/pack-3-protecciones-hockey-patines-iniciacion-azul\/#breadcrumb\",\"itemListElement\":[{\"@type\":\"ListItem\",\"position\":1,\"name\":\"In\u00edcio\",\"item\":\"https:\/\/www.mcroller.com\/pt\/\"},{\"@type\":\"ListItem\",\"position\":2,\"name\":\"Homepage\",\"item\":\"https:\/\/www.mcroller.com\/pt\/\"},{\"@type\":\"ListItem\",\"position\":3,\"name\":\"Pack 3 Protecciones hockey patines iniciaci\u00f3n \u2013 Azul\"}]}]}<\/script>\n<!-- \/ Yoast SEO plugin. -->","yoast_head_json":{"title":"Kits de 3 Prote\u00e7\u00f5es do Jogador Hoquei em patins \u2013 azul | Hockey McRoller Loja","robots":{"index":"index","follow":"follow","max-snippet":"max-snippet:-1","max-image-preview":"max-image-preview:large","max-video-preview":"max-video-preview:-1"},"canonical":"https:\/\/www.mcroller.com\/pt\/tienda\/pack-3-protecciones-hockey-patines-iniciacion-azul\/","og_locale":"pt_PT","og_type":"article","og_title":"Kits de 3 Prote\u00e7\u00f5es do Jogador Hoquei em patins \u2013 azul | Hockey McRoller Loja","og_description":"Kits de tr\u00eas protetores h\u00f3quei em patins McRoller,\u00a0 fabricados em pele sint\u00e9tica.  Consta de joelheiras, caneleiras e luvas.  Ajuste de joelheiras e caneleiras com velcro, muito confort\u00e1vel e resistente, ideal para a inicia\u00e7\u00e3o no h\u00f3quei em patins.  Dispon\u00edvel em uma vasta gama cores e tamanhos.","og_url":"https:\/\/www.mcroller.com\/pt\/tienda\/pack-3-protecciones-hockey-patines-iniciacion-azul\/","og_site_name":"Hockey McRoller Loja","article_publisher":"https:\/\/www.facebook.com\/McRoller-184371304938402\/","article_modified_time":"2024-01-24T08:59:56+00:00","og_image":[{"width":1920,"height":1280,"url":"https:\/\/www.mcroller.com\/wp-content\/uploads\/2017\/10\/SET3B_Pack_Hockey_rodillera_guantes_espinilleras-1.jpg","type":"image\/jpeg"}],"twitter_card":"summary_large_image","schema":{"@context":"https:\/\/schema.org","@graph":[{"@type":"WebSite","@id":"https:\/\/www.mcroller.com\/pt\/#website","url":"https:\/\/www.mcroller.com\/pt\/","name":"Hockey McRoller Loja","description":"","potentialAction":[{"@type":"SearchAction","target":{"@type":"EntryPoint","urlTemplate":"https:\/\/www.mcroller.com\/pt\/?s={search_term_string}"},"query-input":"required name=search_term_string"}],"inLanguage":"pt-PT"},{"@type":"ImageObject","@id":"https:\/\/www.mcroller.com\/pt\/tienda\/pack-3-protecciones-hockey-patines-iniciacion-azul\/#primaryimage","inLanguage":"pt-PT","url":"https:\/\/www.mcroller.com\/wp-content\/uploads\/2017\/10\/SET3B_Pack_Hockey_rodillera_guantes_espinilleras-1.jpg","contentUrl":"https:\/\/www.mcroller.com\/wp-content\/uploads\/2017\/10\/SET3B_Pack_Hockey_rodillera_guantes_espinilleras-1.jpg","width":1920,"height":1280,"caption":"pack guantes rodilleras espinilleras hockey patines"},{"@type":"WebPage","@id":"https:\/\/www.mcroller.com\/pt\/tienda\/pack-3-protecciones-hockey-patines-iniciacion-azul\/#webpage","url":"https:\/\/www.mcroller.com\/pt\/tienda\/pack-3-protecciones-hockey-patines-iniciacion-azul\/","name":"Kits de 3 Prote\u00e7\u00f5es do Jogador Hoquei em patins \u2013 azul | Hockey McRoller Loja","isPartOf":{"@id":"https:\/\/www.mcroller.com\/pt\/#website"},"primaryImageOfPage":{"@id":"https:\/\/www.mcroller.com\/pt\/tienda\/pack-3-protecciones-hockey-patines-iniciacion-azul\/#primaryimage"},"datePublished":"2017-10-31T17:05:05+00:00","dateModified":"2024-01-24T08:59:56+00:00","breadcrumb":{"@id":"https:\/\/www.mcroller.com\/pt\/tienda\/pack-3-protecciones-hockey-patines-iniciacion-azul\/#breadcrumb"},"inLanguage":"pt-PT","potentialAction":[{"@type":"ReadAction","target":[["https:\/\/www.mcroller.com\/pt\/tienda\/pack-3-protecciones-hockey-patines-iniciacion-azul\/"]]}]},{"@type":"BreadcrumbList","@id":"https:\/\/www.mcroller.com\/pt\/tienda\/pack-3-protecciones-hockey-patines-iniciacion-azul\/#breadcrumb","itemListElement":[{"@type":"ListItem","position":1,"name":"In\u00edcio","item":"https:\/\/www.mcroller.com\/pt\/"},{"@type":"ListItem","position":2,"name":"Homepage","item":"https:\/\/www.mcroller.com\/pt\/"},{"@type":"ListItem","position":3,"name":"Pack 3 Protecciones hockey patines iniciaci\u00f3n \u2013 Azul"}]}]}},"_links":{"self":[{"href":"https:\/\/www.mcroller.com\/pt\/wp-json\/wp\/v2\/product\/498"}],"collection":[{"href":"https:\/\/www.mcroller.com\/pt\/wp-json\/wp\/v2\/product"}],"about":[{"href":"https:\/\/www.mcroller.com\/pt\/wp-json\/wp\/v2\/types\/product"}],"wp:featuredmedia":[{"embeddable":true,"href":"https:\/\/www.mcroller.com\/pt\/wp-json\/wp\/v2\/media\/461"}],"wp:attachment":[{"href":"https:\/\/www.mcroller.com\/pt\/wp-json\/wp\/v2\/media?parent=498"}],"wp:term":[{"taxonomy":"product_cat","embeddable":true,"href":"https:\/\/www.mcroller.com\/pt\/wp-json\/wp\/v2\/product_cat?post=498"},{"taxonomy":"product_tag","embeddable":true,"href":"https:\/\/www.mcroller.com\/pt\/wp-json\/wp\/v2\/product_tag?post=498"}],"curies":[{"name":"wp","href":"https:\/\/api.w.org\/{rel}","templated":true}]}}