{"id":5196,"date":"2025-11-17T05:19:36","date_gmt":"2025-11-17T05:19:36","guid":{"rendered":"https:\/\/www.mcroller.com\/es\/?post_type=product&#038;p=5196"},"modified":"2025-11-17T05:55:39","modified_gmt":"2025-11-17T05:55:39","slug":"backpack-artistic-skating-xl","status":"publish","type":"product","link":"https:\/\/www.mcroller.com\/pt\/loja\/backpack-patinacao-artisticaxl\/","title":{"rendered":"BACKPACK Patina\u00e7\u00e3o Artistica XL"},"content":{"rendered":"","protected":false},"excerpt":{"rendered":"<p>XL Mochila McRoller.<\/p>\n<p>Adequado para patinagem art\u00edstica, patinagem em linha e patinagem no gelo.<\/p>\n<p>Inovador compartimento central para guardar o equipamento.<\/p>\n<p>Possui uma grelha de ventila\u00e7\u00e3o.<\/p>\n<p>Inovador design, confort\u00e1vel e resistente.<\/p>\n<p>&nbsp;<\/p>\n","protected":false},"featured_media":5193,"template":"","meta":[],"product_cat":[38,131],"product_tag":[],"acf":[],"yoast_head":"<!-- This site is optimized with the Yoast SEO plugin v18.5.1 - https:\/\/yoast.com\/wordpress\/plugins\/seo\/ -->\n<title>BACKPACK Patina\u00e7\u00e3o Artistica XL | Hockey McRoller Loja<\/title>\n<meta name=\"robots\" content=\"index, follow, max-snippet:-1, max-image-preview:large, max-video-preview:-1\" \/>\n<link rel=\"canonical\" href=\"https:\/\/www.mcroller.com\/pt\/tienda\/mochilas-patinaje-artistico-xl\/\" \/>\n<meta property=\"og:locale\" content=\"pt_PT\" \/>\n<meta property=\"og:type\" content=\"article\" \/>\n<meta property=\"og:title\" content=\"BACKPACK Patina\u00e7\u00e3o Artistica XL | Hockey McRoller Loja\" \/>\n<meta property=\"og:description\" content=\"XL Mochila McRoller.  Adequado para patinagem art\u00edstica, patinagem em linha e patinagem no gelo.  Inovador compartimento central para guardar o equipamento.  Possui uma grelha de ventila\u00e7\u00e3o.  Inovador design, confort\u00e1vel e resistente.  &nbsp;\" \/>\n<meta property=\"og:url\" content=\"https:\/\/www.mcroller.com\/pt\/tienda\/mochilas-patinaje-artistico-xl\/\" \/>\n<meta property=\"og:site_name\" content=\"Hockey McRoller Loja\" \/>\n<meta property=\"article:publisher\" content=\"https:\/\/www.facebook.com\/McRoller-184371304938402\/\" \/>\n<meta property=\"article:modified_time\" content=\"2025-11-17T05:55:39+00:00\" \/>\n<meta property=\"og:image\" content=\"https:\/\/www.mcroller.com\/wp-content\/uploads\/2025\/11\/MOCHILA-BLANCA-XL-LATERAL.jpg\" \/>\n\t<meta property=\"og:image:width\" content=\"1418\" \/>\n\t<meta property=\"og:image:height\" content=\"1024\" \/>\n\t<meta property=\"og:image:type\" content=\"image\/jpeg\" \/>\n<meta name=\"twitter:card\" content=\"summary_large_image\" \/>\n<script type=\"application\/ld+json\" class=\"yoast-schema-graph\">{\"@context\":\"https:\/\/schema.org\",\"@graph\":[{\"@type\":\"WebSite\",\"@id\":\"https:\/\/www.mcroller.com\/pt\/#website\",\"url\":\"https:\/\/www.mcroller.com\/pt\/\",\"name\":\"Hockey McRoller Loja\",\"description\":\"\",\"potentialAction\":[{\"@type\":\"SearchAction\",\"target\":{\"@type\":\"EntryPoint\",\"urlTemplate\":\"https:\/\/www.mcroller.com\/pt\/?s={search_term_string}\"},\"query-input\":\"required name=search_term_string\"}],\"inLanguage\":\"pt-PT\"},{\"@type\":\"ImageObject\",\"@id\":\"https:\/\/www.mcroller.com\/pt\/tienda\/mochilas-patinaje-artistico-xl\/#primaryimage\",\"inLanguage\":\"pt-PT\",\"url\":\"https:\/\/www.mcroller.com\/wp-content\/uploads\/2025\/11\/MOCHILA-BLANCA-XL-LATERAL.jpg\",\"contentUrl\":\"https:\/\/www.mcroller.com\/wp-content\/uploads\/2025\/11\/MOCHILA-BLANCA-XL-LATERAL.jpg\",\"width\":1418,\"height\":1024},{\"@type\":\"WebPage\",\"@id\":\"https:\/\/www.mcroller.com\/pt\/tienda\/mochilas-patinaje-artistico-xl\/#webpage\",\"url\":\"https:\/\/www.mcroller.com\/pt\/tienda\/mochilas-patinaje-artistico-xl\/\",\"name\":\"BACKPACK Patina\u00e7\u00e3o Artistica XL | Hockey McRoller Loja\",\"isPartOf\":{\"@id\":\"https:\/\/www.mcroller.com\/pt\/#website\"},\"primaryImageOfPage\":{\"@id\":\"https:\/\/www.mcroller.com\/pt\/tienda\/mochilas-patinaje-artistico-xl\/#primaryimage\"},\"datePublished\":\"2025-11-17T05:19:36+00:00\",\"dateModified\":\"2025-11-17T05:55:39+00:00\",\"breadcrumb\":{\"@id\":\"https:\/\/www.mcroller.com\/pt\/tienda\/mochilas-patinaje-artistico-xl\/#breadcrumb\"},\"inLanguage\":\"pt-PT\",\"potentialAction\":[{\"@type\":\"ReadAction\",\"target\":[[\"https:\/\/www.mcroller.com\/pt\/tienda\/mochilas-patinaje-artistico-xl\/\"]]}]},{\"@type\":\"BreadcrumbList\",\"@id\":\"https:\/\/www.mcroller.com\/pt\/tienda\/mochilas-patinaje-artistico-xl\/#breadcrumb\",\"itemListElement\":[{\"@type\":\"ListItem\",\"position\":1,\"name\":\"In\u00edcio\",\"item\":\"https:\/\/www.mcroller.com\/pt\/\"},{\"@type\":\"ListItem\",\"position\":2,\"name\":\"Homepage\",\"item\":\"https:\/\/www.mcroller.com\/pt\/\"},{\"@type\":\"ListItem\",\"position\":3,\"name\":\"Mochilas Patinaje Art\u00edstico XL\"}]}]}<\/script>\n<!-- \/ Yoast SEO plugin. -->","yoast_head_json":{"title":"BACKPACK Patina\u00e7\u00e3o Artistica XL | Hockey McRoller Loja","robots":{"index":"index","follow":"follow","max-snippet":"max-snippet:-1","max-image-preview":"max-image-preview:large","max-video-preview":"max-video-preview:-1"},"canonical":"https:\/\/www.mcroller.com\/pt\/tienda\/mochilas-patinaje-artistico-xl\/","og_locale":"pt_PT","og_type":"article","og_title":"BACKPACK Patina\u00e7\u00e3o Artistica XL | Hockey McRoller Loja","og_description":"XL Mochila McRoller.  Adequado para patinagem art\u00edstica, patinagem em linha e patinagem no gelo.  Inovador compartimento central para guardar o equipamento.  Possui uma grelha de ventila\u00e7\u00e3o.  Inovador design, confort\u00e1vel e resistente.  &nbsp;","og_url":"https:\/\/www.mcroller.com\/pt\/tienda\/mochilas-patinaje-artistico-xl\/","og_site_name":"Hockey McRoller Loja","article_publisher":"https:\/\/www.facebook.com\/McRoller-184371304938402\/","article_modified_time":"2025-11-17T05:55:39+00:00","og_image":[{"width":1418,"height":1024,"url":"https:\/\/www.mcroller.com\/wp-content\/uploads\/2025\/11\/MOCHILA-BLANCA-XL-LATERAL.jpg","type":"image\/jpeg"}],"twitter_card":"summary_large_image","schema":{"@context":"https:\/\/schema.org","@graph":[{"@type":"WebSite","@id":"https:\/\/www.mcroller.com\/pt\/#website","url":"https:\/\/www.mcroller.com\/pt\/","name":"Hockey McRoller Loja","description":"","potentialAction":[{"@type":"SearchAction","target":{"@type":"EntryPoint","urlTemplate":"https:\/\/www.mcroller.com\/pt\/?s={search_term_string}"},"query-input":"required name=search_term_string"}],"inLanguage":"pt-PT"},{"@type":"ImageObject","@id":"https:\/\/www.mcroller.com\/pt\/tienda\/mochilas-patinaje-artistico-xl\/#primaryimage","inLanguage":"pt-PT","url":"https:\/\/www.mcroller.com\/wp-content\/uploads\/2025\/11\/MOCHILA-BLANCA-XL-LATERAL.jpg","contentUrl":"https:\/\/www.mcroller.com\/wp-content\/uploads\/2025\/11\/MOCHILA-BLANCA-XL-LATERAL.jpg","width":1418,"height":1024},{"@type":"WebPage","@id":"https:\/\/www.mcroller.com\/pt\/tienda\/mochilas-patinaje-artistico-xl\/#webpage","url":"https:\/\/www.mcroller.com\/pt\/tienda\/mochilas-patinaje-artistico-xl\/","name":"BACKPACK Patina\u00e7\u00e3o Artistica XL | Hockey McRoller Loja","isPartOf":{"@id":"https:\/\/www.mcroller.com\/pt\/#website"},"primaryImageOfPage":{"@id":"https:\/\/www.mcroller.com\/pt\/tienda\/mochilas-patinaje-artistico-xl\/#primaryimage"},"datePublished":"2025-11-17T05:19:36+00:00","dateModified":"2025-11-17T05:55:39+00:00","breadcrumb":{"@id":"https:\/\/www.mcroller.com\/pt\/tienda\/mochilas-patinaje-artistico-xl\/#breadcrumb"},"inLanguage":"pt-PT","potentialAction":[{"@type":"ReadAction","target":[["https:\/\/www.mcroller.com\/pt\/tienda\/mochilas-patinaje-artistico-xl\/"]]}]},{"@type":"BreadcrumbList","@id":"https:\/\/www.mcroller.com\/pt\/tienda\/mochilas-patinaje-artistico-xl\/#breadcrumb","itemListElement":[{"@type":"ListItem","position":1,"name":"In\u00edcio","item":"https:\/\/www.mcroller.com\/pt\/"},{"@type":"ListItem","position":2,"name":"Homepage","item":"https:\/\/www.mcroller.com\/pt\/"},{"@type":"ListItem","position":3,"name":"Mochilas Patinaje Art\u00edstico XL"}]}]}},"_links":{"self":[{"href":"https:\/\/www.mcroller.com\/pt\/wp-json\/wp\/v2\/product\/5196"}],"collection":[{"href":"https:\/\/www.mcroller.com\/pt\/wp-json\/wp\/v2\/product"}],"about":[{"href":"https:\/\/www.mcroller.com\/pt\/wp-json\/wp\/v2\/types\/product"}],"wp:featuredmedia":[{"embeddable":true,"href":"https:\/\/www.mcroller.com\/pt\/wp-json\/wp\/v2\/media\/5193"}],"wp:attachment":[{"href":"https:\/\/www.mcroller.com\/pt\/wp-json\/wp\/v2\/media?parent=5196"}],"wp:term":[{"taxonomy":"product_cat","embeddable":true,"href":"https:\/\/www.mcroller.com\/pt\/wp-json\/wp\/v2\/product_cat?post=5196"},{"taxonomy":"product_tag","embeddable":true,"href":"https:\/\/www.mcroller.com\/pt\/wp-json\/wp\/v2\/product_tag?post=5196"}],"curies":[{"name":"wp","href":"https:\/\/api.w.org\/{rel}","templated":true}]}}