{"id":550,"date":"2017-11-01T09:33:25","date_gmt":"2017-11-01T09:33:25","guid":{"rendered":"https:\/\/www.mcroller.com\/?post_type=product&#038;p=550"},"modified":"2026-02-10T13:27:02","modified_gmt":"2026-02-10T13:27:02","slug":"rodilleras-mesh","status":"publish","type":"product","link":"https:\/\/www.mcroller.com\/pt\/loja\/joelheiras-hockey-mesh\/","title":{"rendered":"Joelheiras Hockey Mesh"},"content":{"rendered":"<p><img loading=\"lazy\" class=\"aligncenter size-full wp-image-476\" src=\"https:\/\/www.mcroller.com\/wp-content\/uploads\/2017\/10\/R2017BK_genouilleres-patins-de-hockey.jpg\" alt=\"genouilleres patins mcroller hockey\" width=\"1920\" height=\"1280\" srcset=\"https:\/\/www.mcroller.com\/wp-content\/uploads\/2017\/10\/R2017BK_genouilleres-patins-de-hockey.jpg 1920w, https:\/\/www.mcroller.com\/wp-content\/uploads\/2017\/10\/R2017BK_genouilleres-patins-de-hockey-350x233.jpg 350w, https:\/\/www.mcroller.com\/wp-content\/uploads\/2017\/10\/R2017BK_genouilleres-patins-de-hockey-300x200.jpg 300w, https:\/\/www.mcroller.com\/wp-content\/uploads\/2017\/10\/R2017BK_genouilleres-patins-de-hockey-768x512.jpg 768w, https:\/\/www.mcroller.com\/wp-content\/uploads\/2017\/10\/R2017BK_genouilleres-patins-de-hockey-1024x683.jpg 1024w, https:\/\/www.mcroller.com\/wp-content\/uploads\/2017\/10\/R2017BK_genouilleres-patins-de-hockey-550x367.jpg 550w\" sizes=\"(max-width: 706px) 89vw, (max-width: 767px) 82vw, 740px\" \/><\/p>\n","protected":false},"excerpt":{"rendered":"<p>Joelheiras em mesh.<\/p>\n<p>Protetores com fecho em clip, alta prote\u00e7\u00e3o e conforto.<\/p>\n<p>Fabricadas em tecido transpir\u00e1vel.<\/p>\n","protected":false},"featured_media":476,"template":"","meta":[],"product_cat":[82],"product_tag":[],"acf":[],"yoast_head":"<!-- This site is optimized with the Yoast SEO plugin v18.5.1 - https:\/\/yoast.com\/wordpress\/plugins\/seo\/ -->\n<title>Joelheiras Hockey Mesh | Hockey McRoller Loja<\/title>\n<meta name=\"robots\" content=\"index, follow, max-snippet:-1, max-image-preview:large, max-video-preview:-1\" \/>\n<link rel=\"canonical\" href=\"https:\/\/www.mcroller.com\/pt\/tienda\/rodilleras-hockey-mesh\/\" \/>\n<meta property=\"og:locale\" content=\"pt_PT\" \/>\n<meta property=\"og:type\" content=\"article\" \/>\n<meta property=\"og:title\" content=\"Joelheiras Hockey Mesh | Hockey McRoller Loja\" \/>\n<meta property=\"og:description\" content=\"Joelheiras em mesh.  Protetores com fecho em clip, alta prote\u00e7\u00e3o e conforto.  Fabricadas em tecido transpir\u00e1vel.\" \/>\n<meta property=\"og:url\" content=\"https:\/\/www.mcroller.com\/pt\/tienda\/rodilleras-hockey-mesh\/\" \/>\n<meta property=\"og:site_name\" content=\"Hockey McRoller Loja\" \/>\n<meta property=\"article:publisher\" content=\"https:\/\/www.facebook.com\/McRoller-184371304938402\/\" \/>\n<meta property=\"article:modified_time\" content=\"2026-02-10T13:27:02+00:00\" \/>\n<meta property=\"og:image\" content=\"https:\/\/www.mcroller.com\/wp-content\/uploads\/2017\/10\/R2017BK_genouilleres-patins-de-hockey.jpg\" \/>\n\t<meta property=\"og:image:width\" content=\"1920\" \/>\n\t<meta property=\"og:image:height\" content=\"1280\" \/>\n\t<meta property=\"og:image:type\" content=\"image\/jpeg\" \/>\n<meta name=\"twitter:card\" content=\"summary_large_image\" \/>\n<script type=\"application\/ld+json\" class=\"yoast-schema-graph\">{\"@context\":\"https:\/\/schema.org\",\"@graph\":[{\"@type\":\"WebSite\",\"@id\":\"https:\/\/www.mcroller.com\/pt\/#website\",\"url\":\"https:\/\/www.mcroller.com\/pt\/\",\"name\":\"Hockey McRoller Loja\",\"description\":\"\",\"potentialAction\":[{\"@type\":\"SearchAction\",\"target\":{\"@type\":\"EntryPoint\",\"urlTemplate\":\"https:\/\/www.mcroller.com\/pt\/?s={search_term_string}\"},\"query-input\":\"required name=search_term_string\"}],\"inLanguage\":\"pt-PT\"},{\"@type\":\"ImageObject\",\"@id\":\"https:\/\/www.mcroller.com\/pt\/tienda\/rodilleras-hockey-mesh\/#primaryimage\",\"inLanguage\":\"pt-PT\",\"url\":\"https:\/\/www.mcroller.com\/wp-content\/uploads\/2017\/10\/R2017BK_genouilleres-patins-de-hockey.jpg\",\"contentUrl\":\"https:\/\/www.mcroller.com\/wp-content\/uploads\/2017\/10\/R2017BK_genouilleres-patins-de-hockey.jpg\",\"width\":1920,\"height\":1280,\"caption\":\"genouilleres patins mcroller hockey\"},{\"@type\":\"WebPage\",\"@id\":\"https:\/\/www.mcroller.com\/pt\/tienda\/rodilleras-hockey-mesh\/#webpage\",\"url\":\"https:\/\/www.mcroller.com\/pt\/tienda\/rodilleras-hockey-mesh\/\",\"name\":\"Joelheiras Hockey Mesh | Hockey McRoller Loja\",\"isPartOf\":{\"@id\":\"https:\/\/www.mcroller.com\/pt\/#website\"},\"primaryImageOfPage\":{\"@id\":\"https:\/\/www.mcroller.com\/pt\/tienda\/rodilleras-hockey-mesh\/#primaryimage\"},\"datePublished\":\"2017-11-01T09:33:25+00:00\",\"dateModified\":\"2026-02-10T13:27:02+00:00\",\"breadcrumb\":{\"@id\":\"https:\/\/www.mcroller.com\/pt\/tienda\/rodilleras-hockey-mesh\/#breadcrumb\"},\"inLanguage\":\"pt-PT\",\"potentialAction\":[{\"@type\":\"ReadAction\",\"target\":[[\"https:\/\/www.mcroller.com\/pt\/tienda\/rodilleras-hockey-mesh\/\"]]}]},{\"@type\":\"BreadcrumbList\",\"@id\":\"https:\/\/www.mcroller.com\/pt\/tienda\/rodilleras-hockey-mesh\/#breadcrumb\",\"itemListElement\":[{\"@type\":\"ListItem\",\"position\":1,\"name\":\"In\u00edcio\",\"item\":\"https:\/\/www.mcroller.com\/pt\/\"},{\"@type\":\"ListItem\",\"position\":2,\"name\":\"Homepage\",\"item\":\"https:\/\/www.mcroller.com\/pt\/\"},{\"@type\":\"ListItem\",\"position\":3,\"name\":\"Rodilleras Hockey Mesh\"}]}]}<\/script>\n<!-- \/ Yoast SEO plugin. -->","yoast_head_json":{"title":"Joelheiras Hockey Mesh | Hockey McRoller Loja","robots":{"index":"index","follow":"follow","max-snippet":"max-snippet:-1","max-image-preview":"max-image-preview:large","max-video-preview":"max-video-preview:-1"},"canonical":"https:\/\/www.mcroller.com\/pt\/tienda\/rodilleras-hockey-mesh\/","og_locale":"pt_PT","og_type":"article","og_title":"Joelheiras Hockey Mesh | Hockey McRoller Loja","og_description":"Joelheiras em mesh.  Protetores com fecho em clip, alta prote\u00e7\u00e3o e conforto.  Fabricadas em tecido transpir\u00e1vel.","og_url":"https:\/\/www.mcroller.com\/pt\/tienda\/rodilleras-hockey-mesh\/","og_site_name":"Hockey McRoller Loja","article_publisher":"https:\/\/www.facebook.com\/McRoller-184371304938402\/","article_modified_time":"2026-02-10T13:27:02+00:00","og_image":[{"width":1920,"height":1280,"url":"https:\/\/www.mcroller.com\/wp-content\/uploads\/2017\/10\/R2017BK_genouilleres-patins-de-hockey.jpg","type":"image\/jpeg"}],"twitter_card":"summary_large_image","schema":{"@context":"https:\/\/schema.org","@graph":[{"@type":"WebSite","@id":"https:\/\/www.mcroller.com\/pt\/#website","url":"https:\/\/www.mcroller.com\/pt\/","name":"Hockey McRoller Loja","description":"","potentialAction":[{"@type":"SearchAction","target":{"@type":"EntryPoint","urlTemplate":"https:\/\/www.mcroller.com\/pt\/?s={search_term_string}"},"query-input":"required name=search_term_string"}],"inLanguage":"pt-PT"},{"@type":"ImageObject","@id":"https:\/\/www.mcroller.com\/pt\/tienda\/rodilleras-hockey-mesh\/#primaryimage","inLanguage":"pt-PT","url":"https:\/\/www.mcroller.com\/wp-content\/uploads\/2017\/10\/R2017BK_genouilleres-patins-de-hockey.jpg","contentUrl":"https:\/\/www.mcroller.com\/wp-content\/uploads\/2017\/10\/R2017BK_genouilleres-patins-de-hockey.jpg","width":1920,"height":1280,"caption":"genouilleres patins mcroller hockey"},{"@type":"WebPage","@id":"https:\/\/www.mcroller.com\/pt\/tienda\/rodilleras-hockey-mesh\/#webpage","url":"https:\/\/www.mcroller.com\/pt\/tienda\/rodilleras-hockey-mesh\/","name":"Joelheiras Hockey Mesh | Hockey McRoller Loja","isPartOf":{"@id":"https:\/\/www.mcroller.com\/pt\/#website"},"primaryImageOfPage":{"@id":"https:\/\/www.mcroller.com\/pt\/tienda\/rodilleras-hockey-mesh\/#primaryimage"},"datePublished":"2017-11-01T09:33:25+00:00","dateModified":"2026-02-10T13:27:02+00:00","breadcrumb":{"@id":"https:\/\/www.mcroller.com\/pt\/tienda\/rodilleras-hockey-mesh\/#breadcrumb"},"inLanguage":"pt-PT","potentialAction":[{"@type":"ReadAction","target":[["https:\/\/www.mcroller.com\/pt\/tienda\/rodilleras-hockey-mesh\/"]]}]},{"@type":"BreadcrumbList","@id":"https:\/\/www.mcroller.com\/pt\/tienda\/rodilleras-hockey-mesh\/#breadcrumb","itemListElement":[{"@type":"ListItem","position":1,"name":"In\u00edcio","item":"https:\/\/www.mcroller.com\/pt\/"},{"@type":"ListItem","position":2,"name":"Homepage","item":"https:\/\/www.mcroller.com\/pt\/"},{"@type":"ListItem","position":3,"name":"Rodilleras Hockey Mesh"}]}]}},"_links":{"self":[{"href":"https:\/\/www.mcroller.com\/pt\/wp-json\/wp\/v2\/product\/550"}],"collection":[{"href":"https:\/\/www.mcroller.com\/pt\/wp-json\/wp\/v2\/product"}],"about":[{"href":"https:\/\/www.mcroller.com\/pt\/wp-json\/wp\/v2\/types\/product"}],"wp:featuredmedia":[{"embeddable":true,"href":"https:\/\/www.mcroller.com\/pt\/wp-json\/wp\/v2\/media\/476"}],"wp:attachment":[{"href":"https:\/\/www.mcroller.com\/pt\/wp-json\/wp\/v2\/media?parent=550"}],"wp:term":[{"taxonomy":"product_cat","embeddable":true,"href":"https:\/\/www.mcroller.com\/pt\/wp-json\/wp\/v2\/product_cat?post=550"},{"taxonomy":"product_tag","embeddable":true,"href":"https:\/\/www.mcroller.com\/pt\/wp-json\/wp\/v2\/product_tag?post=550"}],"curies":[{"name":"wp","href":"https:\/\/api.w.org\/{rel}","templated":true}]}}