{"id":5537,"date":"2026-02-26T17:25:57","date_gmt":"2026-02-26T17:25:57","guid":{"rendered":"https:\/\/www.mcroller.com\/es\/?post_type=product&#038;p=5537"},"modified":"2026-03-10T08:19:25","modified_gmt":"2026-03-10T08:19:25","slug":"boxer","status":"publish","type":"product","link":"https:\/\/www.mcroller.com\/pt\/loja\/boxer-em-patins\/","title":{"rendered":"BOXER"},"content":{"rendered":"<p><img loading=\"lazy\" class=\"alignnone size-medium wp-image-5479\" src=\"https:\/\/www.mcroller.com\/wp-content\/uploads\/2026\/02\/BOXER-300x263.jpg\" alt=\"\" width=\"300\" height=\"263\" srcset=\"https:\/\/www.mcroller.com\/wp-content\/uploads\/2026\/02\/BOXER-300x263.jpg 300w, https:\/\/www.mcroller.com\/wp-content\/uploads\/2026\/02\/BOXER-1024x896.jpg 1024w, https:\/\/www.mcroller.com\/wp-content\/uploads\/2026\/02\/BOXER-768x672.jpg 768w, https:\/\/www.mcroller.com\/wp-content\/uploads\/2026\/02\/BOXER-550x481.jpg 550w, https:\/\/www.mcroller.com\/wp-content\/uploads\/2026\/02\/BOXER-350x306.jpg 350w, https:\/\/www.mcroller.com\/wp-content\/uploads\/2026\/02\/BOXER.jpg 1500w\" sizes=\"(max-width: 300px) 100vw, 300px\" \/><\/p>\n","protected":false},"excerpt":{"rendered":"<p>Forro t\u00e9cnico com bolso para casco r\u00edgido padr\u00e3o, projetado para garantir conforto, ajuste e liberdade de movimento durante treinos e competi\u00e7\u00f5es de h\u00f3quei sobre patins.<\/p>\n<p>Caracter\u00edsticas principais:<\/p>\n<p>Tecido respir\u00e1vel<br \/>\nCosturas planas FlexSystem para evitar atrito<br \/>\nM\u00e1ximo conforto, leveza e flexibilidade<br \/>\nTecido macio e aveludado<br \/>\nAntibacteriano, hipoalerg\u00eanico e resistente a odores<br \/>\nLav\u00e1vel \u00e0 m\u00e1quina a 40 \u00b0C; mant\u00e9m suas propriedades ap\u00f3s a lavagem<br \/>\nCompat\u00edvel com cascos r\u00edgidos padr\u00e3o<\/p>\n<p>Instru\u00e7\u00f5es de lavagem:<\/p>\n<p>Lav\u00e1vel \u00e0 m\u00e1quina a 40 \u00b0C<br \/>\nN\u00e3o secar na secadora nem passar a ferro<br \/>\nRemover o forro antes de lavar<\/p>\n","protected":false},"featured_media":5479,"template":"","meta":[],"product_cat":[301,308,302,38,28],"product_tag":[],"acf":[],"yoast_head":"<!-- This site is optimized with the Yoast SEO plugin v18.5.1 - https:\/\/yoast.com\/wordpress\/plugins\/seo\/ -->\n<title>BOXER | Hockey McRoller Loja<\/title>\n<meta name=\"robots\" content=\"index, follow, max-snippet:-1, max-image-preview:large, max-video-preview:-1\" \/>\n<link rel=\"canonical\" href=\"https:\/\/www.mcroller.com\/pt\/tienda\/boxer-hockey-patines\/\" \/>\n<meta property=\"og:locale\" content=\"pt_PT\" \/>\n<meta property=\"og:type\" content=\"article\" \/>\n<meta property=\"og:title\" content=\"BOXER | Hockey McRoller Loja\" \/>\n<meta property=\"og:description\" content=\"Forro t\u00e9cnico com bolso para casco r\u00edgido padr\u00e3o, projetado para garantir conforto, ajuste e liberdade de movimento durante treinos e competi\u00e7\u00f5es de h\u00f3quei sobre patins.  Caracter\u00edsticas principais:  Tecido respir\u00e1vel Costuras planas FlexSystem para evitar atrito M\u00e1ximo conforto, leveza e flexibilidade Tecido macio e aveludado Antibacteriano, hipoalerg\u00eanico e resistente a odores Lav\u00e1vel \u00e0 m\u00e1quina a 40 \u00b0C; mant\u00e9m suas propriedades ap\u00f3s a lavagem Compat\u00edvel com cascos r\u00edgidos padr\u00e3o  Instru\u00e7\u00f5es de lavagem:  Lav\u00e1vel \u00e0 m\u00e1quina a 40 \u00b0C N\u00e3o secar na secadora nem passar a ferro Remover o forro antes de lavar\" \/>\n<meta property=\"og:url\" content=\"https:\/\/www.mcroller.com\/pt\/tienda\/boxer-hockey-patines\/\" \/>\n<meta property=\"og:site_name\" content=\"Hockey McRoller Loja\" \/>\n<meta property=\"article:publisher\" content=\"https:\/\/www.facebook.com\/McRoller-184371304938402\/\" \/>\n<meta property=\"article:modified_time\" content=\"2026-03-10T08:19:25+00:00\" \/>\n<meta property=\"og:image\" content=\"https:\/\/www.mcroller.com\/wp-content\/uploads\/2026\/02\/BOXER.jpg\" \/>\n\t<meta property=\"og:image:width\" content=\"1500\" \/>\n\t<meta property=\"og:image:height\" content=\"1313\" \/>\n\t<meta property=\"og:image:type\" content=\"image\/jpeg\" \/>\n<meta name=\"twitter:card\" content=\"summary_large_image\" \/>\n<script type=\"application\/ld+json\" class=\"yoast-schema-graph\">{\"@context\":\"https:\/\/schema.org\",\"@graph\":[{\"@type\":\"WebSite\",\"@id\":\"https:\/\/www.mcroller.com\/pt\/#website\",\"url\":\"https:\/\/www.mcroller.com\/pt\/\",\"name\":\"Hockey McRoller Loja\",\"description\":\"\",\"potentialAction\":[{\"@type\":\"SearchAction\",\"target\":{\"@type\":\"EntryPoint\",\"urlTemplate\":\"https:\/\/www.mcroller.com\/pt\/?s={search_term_string}\"},\"query-input\":\"required name=search_term_string\"}],\"inLanguage\":\"pt-PT\"},{\"@type\":\"ImageObject\",\"@id\":\"https:\/\/www.mcroller.com\/pt\/tienda\/boxer-hockey-patines\/#primaryimage\",\"inLanguage\":\"pt-PT\",\"url\":\"https:\/\/www.mcroller.com\/wp-content\/uploads\/2026\/02\/BOXER.jpg\",\"contentUrl\":\"https:\/\/www.mcroller.com\/wp-content\/uploads\/2026\/02\/BOXER.jpg\",\"width\":1500,\"height\":1313},{\"@type\":\"WebPage\",\"@id\":\"https:\/\/www.mcroller.com\/pt\/tienda\/boxer-hockey-patines\/#webpage\",\"url\":\"https:\/\/www.mcroller.com\/pt\/tienda\/boxer-hockey-patines\/\",\"name\":\"BOXER | Hockey McRoller Loja\",\"isPartOf\":{\"@id\":\"https:\/\/www.mcroller.com\/pt\/#website\"},\"primaryImageOfPage\":{\"@id\":\"https:\/\/www.mcroller.com\/pt\/tienda\/boxer-hockey-patines\/#primaryimage\"},\"datePublished\":\"2026-02-26T17:25:57+00:00\",\"dateModified\":\"2026-03-10T08:19:25+00:00\",\"breadcrumb\":{\"@id\":\"https:\/\/www.mcroller.com\/pt\/tienda\/boxer-hockey-patines\/#breadcrumb\"},\"inLanguage\":\"pt-PT\",\"potentialAction\":[{\"@type\":\"ReadAction\",\"target\":[[\"https:\/\/www.mcroller.com\/pt\/tienda\/boxer-hockey-patines\/\"]]}]},{\"@type\":\"BreadcrumbList\",\"@id\":\"https:\/\/www.mcroller.com\/pt\/tienda\/boxer-hockey-patines\/#breadcrumb\",\"itemListElement\":[{\"@type\":\"ListItem\",\"position\":1,\"name\":\"In\u00edcio\",\"item\":\"https:\/\/www.mcroller.com\/pt\/\"},{\"@type\":\"ListItem\",\"position\":2,\"name\":\"Homepage\",\"item\":\"https:\/\/www.mcroller.com\/pt\/\"},{\"@type\":\"ListItem\",\"position\":3,\"name\":\"BOXER\"}]}]}<\/script>\n<!-- \/ Yoast SEO plugin. -->","yoast_head_json":{"title":"BOXER | Hockey McRoller Loja","robots":{"index":"index","follow":"follow","max-snippet":"max-snippet:-1","max-image-preview":"max-image-preview:large","max-video-preview":"max-video-preview:-1"},"canonical":"https:\/\/www.mcroller.com\/pt\/tienda\/boxer-hockey-patines\/","og_locale":"pt_PT","og_type":"article","og_title":"BOXER | Hockey McRoller Loja","og_description":"Forro t\u00e9cnico com bolso para casco r\u00edgido padr\u00e3o, projetado para garantir conforto, ajuste e liberdade de movimento durante treinos e competi\u00e7\u00f5es de h\u00f3quei sobre patins.  Caracter\u00edsticas principais:  Tecido respir\u00e1vel Costuras planas FlexSystem para evitar atrito M\u00e1ximo conforto, leveza e flexibilidade Tecido macio e aveludado Antibacteriano, hipoalerg\u00eanico e resistente a odores Lav\u00e1vel \u00e0 m\u00e1quina a 40 \u00b0C; mant\u00e9m suas propriedades ap\u00f3s a lavagem Compat\u00edvel com cascos r\u00edgidos padr\u00e3o  Instru\u00e7\u00f5es de lavagem:  Lav\u00e1vel \u00e0 m\u00e1quina a 40 \u00b0C N\u00e3o secar na secadora nem passar a ferro Remover o forro antes de lavar","og_url":"https:\/\/www.mcroller.com\/pt\/tienda\/boxer-hockey-patines\/","og_site_name":"Hockey McRoller Loja","article_publisher":"https:\/\/www.facebook.com\/McRoller-184371304938402\/","article_modified_time":"2026-03-10T08:19:25+00:00","og_image":[{"width":1500,"height":1313,"url":"https:\/\/www.mcroller.com\/wp-content\/uploads\/2026\/02\/BOXER.jpg","type":"image\/jpeg"}],"twitter_card":"summary_large_image","schema":{"@context":"https:\/\/schema.org","@graph":[{"@type":"WebSite","@id":"https:\/\/www.mcroller.com\/pt\/#website","url":"https:\/\/www.mcroller.com\/pt\/","name":"Hockey McRoller Loja","description":"","potentialAction":[{"@type":"SearchAction","target":{"@type":"EntryPoint","urlTemplate":"https:\/\/www.mcroller.com\/pt\/?s={search_term_string}"},"query-input":"required name=search_term_string"}],"inLanguage":"pt-PT"},{"@type":"ImageObject","@id":"https:\/\/www.mcroller.com\/pt\/tienda\/boxer-hockey-patines\/#primaryimage","inLanguage":"pt-PT","url":"https:\/\/www.mcroller.com\/wp-content\/uploads\/2026\/02\/BOXER.jpg","contentUrl":"https:\/\/www.mcroller.com\/wp-content\/uploads\/2026\/02\/BOXER.jpg","width":1500,"height":1313},{"@type":"WebPage","@id":"https:\/\/www.mcroller.com\/pt\/tienda\/boxer-hockey-patines\/#webpage","url":"https:\/\/www.mcroller.com\/pt\/tienda\/boxer-hockey-patines\/","name":"BOXER | Hockey McRoller Loja","isPartOf":{"@id":"https:\/\/www.mcroller.com\/pt\/#website"},"primaryImageOfPage":{"@id":"https:\/\/www.mcroller.com\/pt\/tienda\/boxer-hockey-patines\/#primaryimage"},"datePublished":"2026-02-26T17:25:57+00:00","dateModified":"2026-03-10T08:19:25+00:00","breadcrumb":{"@id":"https:\/\/www.mcroller.com\/pt\/tienda\/boxer-hockey-patines\/#breadcrumb"},"inLanguage":"pt-PT","potentialAction":[{"@type":"ReadAction","target":[["https:\/\/www.mcroller.com\/pt\/tienda\/boxer-hockey-patines\/"]]}]},{"@type":"BreadcrumbList","@id":"https:\/\/www.mcroller.com\/pt\/tienda\/boxer-hockey-patines\/#breadcrumb","itemListElement":[{"@type":"ListItem","position":1,"name":"In\u00edcio","item":"https:\/\/www.mcroller.com\/pt\/"},{"@type":"ListItem","position":2,"name":"Homepage","item":"https:\/\/www.mcroller.com\/pt\/"},{"@type":"ListItem","position":3,"name":"BOXER"}]}]}},"_links":{"self":[{"href":"https:\/\/www.mcroller.com\/pt\/wp-json\/wp\/v2\/product\/5537"}],"collection":[{"href":"https:\/\/www.mcroller.com\/pt\/wp-json\/wp\/v2\/product"}],"about":[{"href":"https:\/\/www.mcroller.com\/pt\/wp-json\/wp\/v2\/types\/product"}],"wp:featuredmedia":[{"embeddable":true,"href":"https:\/\/www.mcroller.com\/pt\/wp-json\/wp\/v2\/media\/5479"}],"wp:attachment":[{"href":"https:\/\/www.mcroller.com\/pt\/wp-json\/wp\/v2\/media?parent=5537"}],"wp:term":[{"taxonomy":"product_cat","embeddable":true,"href":"https:\/\/www.mcroller.com\/pt\/wp-json\/wp\/v2\/product_cat?post=5537"},{"taxonomy":"product_tag","embeddable":true,"href":"https:\/\/www.mcroller.com\/pt\/wp-json\/wp\/v2\/product_tag?post=5537"}],"curies":[{"name":"wp","href":"https:\/\/api.w.org\/{rel}","templated":true}]}}