{"id":603,"date":"2017-11-01T10:39:30","date_gmt":"2017-11-01T10:39:30","guid":{"rendered":"https:\/\/www.mcroller.com\/?post_type=product&#038;p=603"},"modified":"2026-01-31T21:44:57","modified_gmt":"2026-01-31T21:44:57","slug":"guantes-portero-junior","status":"publish","type":"product","link":"https:\/\/www.mcroller.com\/pt\/loja\/luvas-guarda-redes-hockey-junior\/","title":{"rendered":"Luvas Guarda-redes Hockey Junior"},"content":{"rendered":"<p class=\"qtranxs-available-languages-message qtranxs-available-languages-message-pt\">Desculpe, este conte\u00fado s\u00f3 est\u00e1 dispon\u00edvel em <a href=\"https:\/\/www.mcroller.com\/es\/wp-json\/wp\/v2\/product\/603\" class=\"qtranxs-available-language-link qtranxs-available-language-link-es\" title=\"Cast\">espanhol europeu<\/a>.<\/p>","protected":false},"excerpt":{"rendered":"<p>Luvas fabricadas em pele com refor\u00e7os, leves e com toque agrad\u00e1vel.<\/p>\n<p>Ideal para guarda-redes de h\u00f3quei em patins em forma\u00e7\u00e3o.<\/p>\n<p>Dispon\u00edveis em Azul-Branco e Vermelho-Branco, e em v\u00e1rios tamanhos.<\/p>\n<p><img loading=\"lazy\" class=\"alignnone size-medium wp-image-4035\" src=\"https:\/\/www.mcroller.com\/wp-content\/uploads\/2017\/11\/MEDIDAS-GUANTES-PORTERO-INICIACION-FOTO-300x261.jpg\" alt=\"\" width=\"300\" height=\"261\" srcset=\"https:\/\/www.mcroller.com\/wp-content\/uploads\/2017\/11\/MEDIDAS-GUANTES-PORTERO-INICIACION-FOTO-300x261.jpg 300w, https:\/\/www.mcroller.com\/wp-content\/uploads\/2017\/11\/MEDIDAS-GUANTES-PORTERO-INICIACION-FOTO-768x668.jpg 768w, https:\/\/www.mcroller.com\/wp-content\/uploads\/2017\/11\/MEDIDAS-GUANTES-PORTERO-INICIACION-FOTO-550x479.jpg 550w, https:\/\/www.mcroller.com\/wp-content\/uploads\/2017\/11\/MEDIDAS-GUANTES-PORTERO-INICIACION-FOTO-350x305.jpg 350w, https:\/\/www.mcroller.com\/wp-content\/uploads\/2017\/11\/MEDIDAS-GUANTES-PORTERO-INICIACION-FOTO.jpg 831w\" sizes=\"(max-width: 300px) 100vw, 300px\" \/><img loading=\"lazy\" class=\"alignnone size-medium wp-image-4034\" src=\"https:\/\/www.mcroller.com\/wp-content\/uploads\/2017\/11\/TABLA-MEDIDAS-GUANTES-PORTERO-INICIACION-300x128.jpg\" alt=\"\" width=\"300\" height=\"128\" srcset=\"https:\/\/www.mcroller.com\/wp-content\/uploads\/2017\/11\/TABLA-MEDIDAS-GUANTES-PORTERO-INICIACION-300x128.jpg 300w, https:\/\/www.mcroller.com\/wp-content\/uploads\/2017\/11\/TABLA-MEDIDAS-GUANTES-PORTERO-INICIACION-768x328.jpg 768w, https:\/\/www.mcroller.com\/wp-content\/uploads\/2017\/11\/TABLA-MEDIDAS-GUANTES-PORTERO-INICIACION-550x235.jpg 550w, https:\/\/www.mcroller.com\/wp-content\/uploads\/2017\/11\/TABLA-MEDIDAS-GUANTES-PORTERO-INICIACION-350x150.jpg 350w, https:\/\/www.mcroller.com\/wp-content\/uploads\/2017\/11\/TABLA-MEDIDAS-GUANTES-PORTERO-INICIACION.jpg 847w\" sizes=\"(max-width: 300px) 100vw, 300px\" \/><\/p>\n","protected":false},"featured_media":4021,"template":"","meta":[],"product_cat":[83],"product_tag":[],"acf":[],"yoast_head":"<!-- This site is optimized with the Yoast SEO plugin v18.5.1 - https:\/\/yoast.com\/wordpress\/plugins\/seo\/ -->\n<title>Luvas Guarda-redes Hockey Junior | Hockey McRoller Loja<\/title>\n<meta name=\"robots\" content=\"index, follow, max-snippet:-1, max-image-preview:large, max-video-preview:-1\" \/>\n<link rel=\"canonical\" href=\"https:\/\/www.mcroller.com\/pt\/tienda\/guantes-portero-hockey-junior\/\" \/>\n<meta property=\"og:locale\" content=\"pt_PT\" \/>\n<meta property=\"og:type\" content=\"article\" \/>\n<meta property=\"og:title\" content=\"Luvas Guarda-redes Hockey Junior | Hockey McRoller Loja\" \/>\n<meta property=\"og:description\" content=\"Luvas fabricadas em pele com refor\u00e7os, leves e com toque agrad\u00e1vel.  Ideal para guarda-redes de h\u00f3quei em patins em forma\u00e7\u00e3o.  Dispon\u00edveis em Azul-Branco e Vermelho-Branco, e em v\u00e1rios tamanhos.\" \/>\n<meta property=\"og:url\" content=\"https:\/\/www.mcroller.com\/pt\/tienda\/guantes-portero-hockey-junior\/\" \/>\n<meta property=\"og:site_name\" content=\"Hockey McRoller Loja\" \/>\n<meta property=\"article:publisher\" content=\"https:\/\/www.facebook.com\/McRoller-184371304938402\/\" \/>\n<meta property=\"article:modified_time\" content=\"2026-01-31T21:44:57+00:00\" \/>\n<meta property=\"og:image\" content=\"https:\/\/www.mcroller.com\/wp-content\/uploads\/2024\/01\/GUANT-GUANTES-PORTERO-NEGRO-scaled.jpg\" \/>\n\t<meta property=\"og:image:width\" content=\"2560\" \/>\n\t<meta property=\"og:image:height\" content=\"2051\" \/>\n\t<meta property=\"og:image:type\" content=\"image\/jpeg\" \/>\n<meta name=\"twitter:card\" content=\"summary_large_image\" \/>\n<script type=\"application\/ld+json\" class=\"yoast-schema-graph\">{\"@context\":\"https:\/\/schema.org\",\"@graph\":[{\"@type\":\"WebSite\",\"@id\":\"https:\/\/www.mcroller.com\/pt\/#website\",\"url\":\"https:\/\/www.mcroller.com\/pt\/\",\"name\":\"Hockey McRoller Loja\",\"description\":\"\",\"potentialAction\":[{\"@type\":\"SearchAction\",\"target\":{\"@type\":\"EntryPoint\",\"urlTemplate\":\"https:\/\/www.mcroller.com\/pt\/?s={search_term_string}\"},\"query-input\":\"required name=search_term_string\"}],\"inLanguage\":\"pt-PT\"},{\"@type\":\"ImageObject\",\"@id\":\"https:\/\/www.mcroller.com\/pt\/tienda\/guantes-portero-hockey-junior\/#primaryimage\",\"inLanguage\":\"pt-PT\",\"url\":\"https:\/\/www.mcroller.com\/wp-content\/uploads\/2024\/01\/GUANT-GUANTES-PORTERO-NEGRO-scaled.jpg\",\"contentUrl\":\"https:\/\/www.mcroller.com\/wp-content\/uploads\/2024\/01\/GUANT-GUANTES-PORTERO-NEGRO-scaled.jpg\",\"width\":2560,\"height\":2051},{\"@type\":\"WebPage\",\"@id\":\"https:\/\/www.mcroller.com\/pt\/tienda\/guantes-portero-hockey-junior\/#webpage\",\"url\":\"https:\/\/www.mcroller.com\/pt\/tienda\/guantes-portero-hockey-junior\/\",\"name\":\"Luvas Guarda-redes Hockey Junior | Hockey McRoller Loja\",\"isPartOf\":{\"@id\":\"https:\/\/www.mcroller.com\/pt\/#website\"},\"primaryImageOfPage\":{\"@id\":\"https:\/\/www.mcroller.com\/pt\/tienda\/guantes-portero-hockey-junior\/#primaryimage\"},\"datePublished\":\"2017-11-01T10:39:30+00:00\",\"dateModified\":\"2026-01-31T21:44:57+00:00\",\"breadcrumb\":{\"@id\":\"https:\/\/www.mcroller.com\/pt\/tienda\/guantes-portero-hockey-junior\/#breadcrumb\"},\"inLanguage\":\"pt-PT\",\"potentialAction\":[{\"@type\":\"ReadAction\",\"target\":[[\"https:\/\/www.mcroller.com\/pt\/tienda\/guantes-portero-hockey-junior\/\"]]}]},{\"@type\":\"BreadcrumbList\",\"@id\":\"https:\/\/www.mcroller.com\/pt\/tienda\/guantes-portero-hockey-junior\/#breadcrumb\",\"itemListElement\":[{\"@type\":\"ListItem\",\"position\":1,\"name\":\"In\u00edcio\",\"item\":\"https:\/\/www.mcroller.com\/pt\/\"},{\"@type\":\"ListItem\",\"position\":2,\"name\":\"Homepage\",\"item\":\"https:\/\/www.mcroller.com\/pt\/\"},{\"@type\":\"ListItem\",\"position\":3,\"name\":\"Guantes Portero Hockey Junior\"}]}]}<\/script>\n<!-- \/ Yoast SEO plugin. -->","yoast_head_json":{"title":"Luvas Guarda-redes Hockey Junior | Hockey McRoller Loja","robots":{"index":"index","follow":"follow","max-snippet":"max-snippet:-1","max-image-preview":"max-image-preview:large","max-video-preview":"max-video-preview:-1"},"canonical":"https:\/\/www.mcroller.com\/pt\/tienda\/guantes-portero-hockey-junior\/","og_locale":"pt_PT","og_type":"article","og_title":"Luvas Guarda-redes Hockey Junior | Hockey McRoller Loja","og_description":"Luvas fabricadas em pele com refor\u00e7os, leves e com toque agrad\u00e1vel.  Ideal para guarda-redes de h\u00f3quei em patins em forma\u00e7\u00e3o.  Dispon\u00edveis em Azul-Branco e Vermelho-Branco, e em v\u00e1rios tamanhos.","og_url":"https:\/\/www.mcroller.com\/pt\/tienda\/guantes-portero-hockey-junior\/","og_site_name":"Hockey McRoller Loja","article_publisher":"https:\/\/www.facebook.com\/McRoller-184371304938402\/","article_modified_time":"2026-01-31T21:44:57+00:00","og_image":[{"width":2560,"height":2051,"url":"https:\/\/www.mcroller.com\/wp-content\/uploads\/2024\/01\/GUANT-GUANTES-PORTERO-NEGRO-scaled.jpg","type":"image\/jpeg"}],"twitter_card":"summary_large_image","schema":{"@context":"https:\/\/schema.org","@graph":[{"@type":"WebSite","@id":"https:\/\/www.mcroller.com\/pt\/#website","url":"https:\/\/www.mcroller.com\/pt\/","name":"Hockey McRoller Loja","description":"","potentialAction":[{"@type":"SearchAction","target":{"@type":"EntryPoint","urlTemplate":"https:\/\/www.mcroller.com\/pt\/?s={search_term_string}"},"query-input":"required name=search_term_string"}],"inLanguage":"pt-PT"},{"@type":"ImageObject","@id":"https:\/\/www.mcroller.com\/pt\/tienda\/guantes-portero-hockey-junior\/#primaryimage","inLanguage":"pt-PT","url":"https:\/\/www.mcroller.com\/wp-content\/uploads\/2024\/01\/GUANT-GUANTES-PORTERO-NEGRO-scaled.jpg","contentUrl":"https:\/\/www.mcroller.com\/wp-content\/uploads\/2024\/01\/GUANT-GUANTES-PORTERO-NEGRO-scaled.jpg","width":2560,"height":2051},{"@type":"WebPage","@id":"https:\/\/www.mcroller.com\/pt\/tienda\/guantes-portero-hockey-junior\/#webpage","url":"https:\/\/www.mcroller.com\/pt\/tienda\/guantes-portero-hockey-junior\/","name":"Luvas Guarda-redes Hockey Junior | Hockey McRoller Loja","isPartOf":{"@id":"https:\/\/www.mcroller.com\/pt\/#website"},"primaryImageOfPage":{"@id":"https:\/\/www.mcroller.com\/pt\/tienda\/guantes-portero-hockey-junior\/#primaryimage"},"datePublished":"2017-11-01T10:39:30+00:00","dateModified":"2026-01-31T21:44:57+00:00","breadcrumb":{"@id":"https:\/\/www.mcroller.com\/pt\/tienda\/guantes-portero-hockey-junior\/#breadcrumb"},"inLanguage":"pt-PT","potentialAction":[{"@type":"ReadAction","target":[["https:\/\/www.mcroller.com\/pt\/tienda\/guantes-portero-hockey-junior\/"]]}]},{"@type":"BreadcrumbList","@id":"https:\/\/www.mcroller.com\/pt\/tienda\/guantes-portero-hockey-junior\/#breadcrumb","itemListElement":[{"@type":"ListItem","position":1,"name":"In\u00edcio","item":"https:\/\/www.mcroller.com\/pt\/"},{"@type":"ListItem","position":2,"name":"Homepage","item":"https:\/\/www.mcroller.com\/pt\/"},{"@type":"ListItem","position":3,"name":"Guantes Portero Hockey Junior"}]}]}},"_links":{"self":[{"href":"https:\/\/www.mcroller.com\/pt\/wp-json\/wp\/v2\/product\/603"}],"collection":[{"href":"https:\/\/www.mcroller.com\/pt\/wp-json\/wp\/v2\/product"}],"about":[{"href":"https:\/\/www.mcroller.com\/pt\/wp-json\/wp\/v2\/types\/product"}],"wp:featuredmedia":[{"embeddable":true,"href":"https:\/\/www.mcroller.com\/pt\/wp-json\/wp\/v2\/media\/4021"}],"wp:attachment":[{"href":"https:\/\/www.mcroller.com\/pt\/wp-json\/wp\/v2\/media?parent=603"}],"wp:term":[{"taxonomy":"product_cat","embeddable":true,"href":"https:\/\/www.mcroller.com\/pt\/wp-json\/wp\/v2\/product_cat?post=603"},{"taxonomy":"product_tag","embeddable":true,"href":"https:\/\/www.mcroller.com\/pt\/wp-json\/wp\/v2\/product_tag?post=603"}],"curies":[{"name":"wp","href":"https:\/\/api.w.org\/{rel}","templated":true}]}}