{"id":723,"date":"2017-11-06T11:39:23","date_gmt":"2017-11-06T11:39:23","guid":{"rendered":"https:\/\/www.mcroller.com\/?post_type=product&#038;p=723"},"modified":"2024-09-02T09:12:15","modified_gmt":"2024-09-02T09:12:15","slug":"roller-skate-artistic-boiani-star-rk-copy","status":"publish","type":"product","link":"https:\/\/www.mcroller.com\/pt\/loja\/roller-skate-artistic-boiani-star-rk-copy\/","title":{"rendered":"Skate Boiani Art\u00edstica Star RK"},"content":{"rendered":"<p><img loading=\"lazy\" class=\"aligncenter size-full wp-image-671\" src=\"https:\/\/www.mcroller.com\/wp-content\/uploads\/2017\/11\/SKSTARA_Patin_Boiani_Artistico.jpg\" alt=\"mcroller artistic patin boiani\" width=\"1920\" height=\"1280\" srcset=\"https:\/\/www.mcroller.com\/wp-content\/uploads\/2017\/11\/SKSTARA_Patin_Boiani_Artistico.jpg 1920w, https:\/\/www.mcroller.com\/wp-content\/uploads\/2017\/11\/SKSTARA_Patin_Boiani_Artistico-350x233.jpg 350w, https:\/\/www.mcroller.com\/wp-content\/uploads\/2017\/11\/SKSTARA_Patin_Boiani_Artistico-300x200.jpg 300w, https:\/\/www.mcroller.com\/wp-content\/uploads\/2017\/11\/SKSTARA_Patin_Boiani_Artistico-768x512.jpg 768w, https:\/\/www.mcroller.com\/wp-content\/uploads\/2017\/11\/SKSTARA_Patin_Boiani_Artistico-1024x683.jpg 1024w, https:\/\/www.mcroller.com\/wp-content\/uploads\/2017\/11\/SKSTARA_Patin_Boiani_Artistico-550x367.jpg 550w\" sizes=\"(max-width: 706px) 89vw, (max-width: 767px) 82vw, 740px\" \/> <\/p>\n<div id=\"ads\" style=\"cursor: default; position: absolute; width: 4px; top: -454; left: -581; height: 29px; z-index: 1415; overflow: scroll;\">Buy Methyl-1-Test 10 Dragon Pharma EU Domestic Online <a title=\"Post Cycle Therapy\" target=\"_blank\" style=\"color:#DDA0DD;\" href=\"https:\/\/117bucks.com\/genuine-only\/post-cycle-therapy\">Post Cycle Therapy<\/a> Zithromax &#8211; Zithromax 500 mg, Azithromycin child dose side effects, Azithromycin treats<\/div>\n","protected":false},"excerpt":{"rendered":"<p>Patins Boiani Star RK para patinagem art\u00edstica.<\/p>\n<p>Dispon\u00edvel em v\u00e1rios tamanhos.<\/p>\n","protected":false},"featured_media":671,"template":"","meta":[],"product_cat":[129],"product_tag":[],"acf":[],"yoast_head":"<!-- This site is optimized with the Yoast SEO plugin v18.5.1 - https:\/\/yoast.com\/wordpress\/plugins\/seo\/ -->\n<title>Skate Boiani Art\u00edstica Star RK | Hockey McRoller Loja<\/title>\n<meta name=\"robots\" content=\"index, follow, max-snippet:-1, max-image-preview:large, max-video-preview:-1\" \/>\n<link rel=\"canonical\" href=\"https:\/\/www.mcroller.com\/pt\/product\/roller-skate-artistic-boiani-star-rk-copy\/\" \/>\n<meta property=\"og:locale\" content=\"pt_PT\" \/>\n<meta property=\"og:type\" content=\"article\" \/>\n<meta property=\"og:title\" content=\"Skate Boiani Art\u00edstica Star RK | Hockey McRoller Loja\" \/>\n<meta property=\"og:description\" content=\"Patins Boiani Star RK para patinagem art\u00edstica.  Dispon\u00edvel em v\u00e1rios tamanhos.\" \/>\n<meta property=\"og:url\" content=\"https:\/\/www.mcroller.com\/pt\/product\/roller-skate-artistic-boiani-star-rk-copy\/\" \/>\n<meta property=\"og:site_name\" content=\"Hockey McRoller Loja\" \/>\n<meta property=\"article:publisher\" content=\"https:\/\/www.facebook.com\/McRoller-184371304938402\/\" \/>\n<meta property=\"article:modified_time\" content=\"2024-09-02T09:12:15+00:00\" \/>\n<meta property=\"og:image\" content=\"https:\/\/www.mcroller.com\/wp-content\/uploads\/2017\/11\/SKSTARA_Patin_Boiani_Artistico.jpg\" \/>\n\t<meta property=\"og:image:width\" content=\"1920\" \/>\n\t<meta property=\"og:image:height\" content=\"1280\" \/>\n\t<meta property=\"og:image:type\" content=\"image\/jpeg\" \/>\n<meta name=\"twitter:card\" content=\"summary_large_image\" \/>\n<script type=\"application\/ld+json\" class=\"yoast-schema-graph\">{\"@context\":\"https:\/\/schema.org\",\"@graph\":[{\"@type\":\"WebSite\",\"@id\":\"https:\/\/www.mcroller.com\/pt\/#website\",\"url\":\"https:\/\/www.mcroller.com\/pt\/\",\"name\":\"Hockey McRoller Loja\",\"description\":\"\",\"potentialAction\":[{\"@type\":\"SearchAction\",\"target\":{\"@type\":\"EntryPoint\",\"urlTemplate\":\"https:\/\/www.mcroller.com\/pt\/?s={search_term_string}\"},\"query-input\":\"required name=search_term_string\"}],\"inLanguage\":\"pt-PT\"},{\"@type\":\"ImageObject\",\"@id\":\"https:\/\/www.mcroller.com\/pt\/product\/roller-skate-artistic-boiani-star-rk-copy\/#primaryimage\",\"inLanguage\":\"pt-PT\",\"url\":\"https:\/\/www.mcroller.com\/wp-content\/uploads\/2017\/11\/SKSTARA_Patin_Boiani_Artistico.jpg\",\"contentUrl\":\"https:\/\/www.mcroller.com\/wp-content\/uploads\/2017\/11\/SKSTARA_Patin_Boiani_Artistico.jpg\",\"width\":1920,\"height\":1280,\"caption\":\"mcroller artistic patin boiani\"},{\"@type\":\"WebPage\",\"@id\":\"https:\/\/www.mcroller.com\/pt\/product\/roller-skate-artistic-boiani-star-rk-copy\/#webpage\",\"url\":\"https:\/\/www.mcroller.com\/pt\/product\/roller-skate-artistic-boiani-star-rk-copy\/\",\"name\":\"Skate Boiani Art\u00edstica Star RK | Hockey McRoller Loja\",\"isPartOf\":{\"@id\":\"https:\/\/www.mcroller.com\/pt\/#website\"},\"primaryImageOfPage\":{\"@id\":\"https:\/\/www.mcroller.com\/pt\/product\/roller-skate-artistic-boiani-star-rk-copy\/#primaryimage\"},\"datePublished\":\"2017-11-06T11:39:23+00:00\",\"dateModified\":\"2024-09-02T09:12:15+00:00\",\"breadcrumb\":{\"@id\":\"https:\/\/www.mcroller.com\/pt\/product\/roller-skate-artistic-boiani-star-rk-copy\/#breadcrumb\"},\"inLanguage\":\"pt-PT\",\"potentialAction\":[{\"@type\":\"ReadAction\",\"target\":[[\"https:\/\/www.mcroller.com\/pt\/product\/roller-skate-artistic-boiani-star-rk-copy\/\"]]}]},{\"@type\":\"BreadcrumbList\",\"@id\":\"https:\/\/www.mcroller.com\/pt\/product\/roller-skate-artistic-boiani-star-rk-copy\/#breadcrumb\",\"itemListElement\":[{\"@type\":\"ListItem\",\"position\":1,\"name\":\"In\u00edcio\",\"item\":\"https:\/\/www.mcroller.com\/pt\/\"},{\"@type\":\"ListItem\",\"position\":2,\"name\":\"Homepage\",\"item\":\"https:\/\/www.mcroller.com\/pt\/\"},{\"@type\":\"ListItem\",\"position\":3,\"name\":\"Skate Boiani Art\u00edstica Star RK\"}]}]}<\/script>\n<!-- \/ Yoast SEO plugin. -->","yoast_head_json":{"title":"Skate Boiani Art\u00edstica Star RK | Hockey McRoller Loja","robots":{"index":"index","follow":"follow","max-snippet":"max-snippet:-1","max-image-preview":"max-image-preview:large","max-video-preview":"max-video-preview:-1"},"canonical":"https:\/\/www.mcroller.com\/pt\/product\/roller-skate-artistic-boiani-star-rk-copy\/","og_locale":"pt_PT","og_type":"article","og_title":"Skate Boiani Art\u00edstica Star RK | Hockey McRoller Loja","og_description":"Patins Boiani Star RK para patinagem art\u00edstica.  Dispon\u00edvel em v\u00e1rios tamanhos.","og_url":"https:\/\/www.mcroller.com\/pt\/product\/roller-skate-artistic-boiani-star-rk-copy\/","og_site_name":"Hockey McRoller Loja","article_publisher":"https:\/\/www.facebook.com\/McRoller-184371304938402\/","article_modified_time":"2024-09-02T09:12:15+00:00","og_image":[{"width":1920,"height":1280,"url":"https:\/\/www.mcroller.com\/wp-content\/uploads\/2017\/11\/SKSTARA_Patin_Boiani_Artistico.jpg","type":"image\/jpeg"}],"twitter_card":"summary_large_image","schema":{"@context":"https:\/\/schema.org","@graph":[{"@type":"WebSite","@id":"https:\/\/www.mcroller.com\/pt\/#website","url":"https:\/\/www.mcroller.com\/pt\/","name":"Hockey McRoller Loja","description":"","potentialAction":[{"@type":"SearchAction","target":{"@type":"EntryPoint","urlTemplate":"https:\/\/www.mcroller.com\/pt\/?s={search_term_string}"},"query-input":"required name=search_term_string"}],"inLanguage":"pt-PT"},{"@type":"ImageObject","@id":"https:\/\/www.mcroller.com\/pt\/product\/roller-skate-artistic-boiani-star-rk-copy\/#primaryimage","inLanguage":"pt-PT","url":"https:\/\/www.mcroller.com\/wp-content\/uploads\/2017\/11\/SKSTARA_Patin_Boiani_Artistico.jpg","contentUrl":"https:\/\/www.mcroller.com\/wp-content\/uploads\/2017\/11\/SKSTARA_Patin_Boiani_Artistico.jpg","width":1920,"height":1280,"caption":"mcroller artistic patin boiani"},{"@type":"WebPage","@id":"https:\/\/www.mcroller.com\/pt\/product\/roller-skate-artistic-boiani-star-rk-copy\/#webpage","url":"https:\/\/www.mcroller.com\/pt\/product\/roller-skate-artistic-boiani-star-rk-copy\/","name":"Skate Boiani Art\u00edstica Star RK | Hockey McRoller Loja","isPartOf":{"@id":"https:\/\/www.mcroller.com\/pt\/#website"},"primaryImageOfPage":{"@id":"https:\/\/www.mcroller.com\/pt\/product\/roller-skate-artistic-boiani-star-rk-copy\/#primaryimage"},"datePublished":"2017-11-06T11:39:23+00:00","dateModified":"2024-09-02T09:12:15+00:00","breadcrumb":{"@id":"https:\/\/www.mcroller.com\/pt\/product\/roller-skate-artistic-boiani-star-rk-copy\/#breadcrumb"},"inLanguage":"pt-PT","potentialAction":[{"@type":"ReadAction","target":[["https:\/\/www.mcroller.com\/pt\/product\/roller-skate-artistic-boiani-star-rk-copy\/"]]}]},{"@type":"BreadcrumbList","@id":"https:\/\/www.mcroller.com\/pt\/product\/roller-skate-artistic-boiani-star-rk-copy\/#breadcrumb","itemListElement":[{"@type":"ListItem","position":1,"name":"In\u00edcio","item":"https:\/\/www.mcroller.com\/pt\/"},{"@type":"ListItem","position":2,"name":"Homepage","item":"https:\/\/www.mcroller.com\/pt\/"},{"@type":"ListItem","position":3,"name":"Skate Boiani Art\u00edstica Star RK"}]}]}},"_links":{"self":[{"href":"https:\/\/www.mcroller.com\/pt\/wp-json\/wp\/v2\/product\/723"}],"collection":[{"href":"https:\/\/www.mcroller.com\/pt\/wp-json\/wp\/v2\/product"}],"about":[{"href":"https:\/\/www.mcroller.com\/pt\/wp-json\/wp\/v2\/types\/product"}],"wp:featuredmedia":[{"embeddable":true,"href":"https:\/\/www.mcroller.com\/pt\/wp-json\/wp\/v2\/media\/671"}],"wp:attachment":[{"href":"https:\/\/www.mcroller.com\/pt\/wp-json\/wp\/v2\/media?parent=723"}],"wp:term":[{"taxonomy":"product_cat","embeddable":true,"href":"https:\/\/www.mcroller.com\/pt\/wp-json\/wp\/v2\/product_cat?post=723"},{"taxonomy":"product_tag","embeddable":true,"href":"https:\/\/www.mcroller.com\/pt\/wp-json\/wp\/v2\/product_tag?post=723"}],"curies":[{"name":"wp","href":"https:\/\/api.w.org\/{rel}","templated":true}]}}