{"id":835,"date":"2017-11-06T17:52:48","date_gmt":"2017-11-06T17:52:48","guid":{"rendered":"https:\/\/www.mcroller.com\/?post_type=product&#038;p=835"},"modified":"2025-09-11T15:27:01","modified_gmt":"2025-09-11T15:27:01","slug":"senior-hockey-boot-2017","status":"publish","type":"product","link":"https:\/\/www.mcroller.com\/pt\/loja\/bota-de-hoquei-senior\/","title":{"rendered":"Bota de h\u00f3quei senior"},"content":{"rendered":"<p><img loading=\"lazy\" class=\"aligncenter size-full wp-image-683\" src=\"https:\/\/www.mcroller.com\/wp-content\/uploads\/2017\/11\/BO2_Bota_Senior_Hockey_2.jpg\" alt=\"boot hockey initiation mcroller\" width=\"1920\" height=\"1280\" srcset=\"https:\/\/www.mcroller.com\/wp-content\/uploads\/2017\/11\/BO2_Bota_Senior_Hockey_2.jpg 1920w, https:\/\/www.mcroller.com\/wp-content\/uploads\/2017\/11\/BO2_Bota_Senior_Hockey_2-350x233.jpg 350w, https:\/\/www.mcroller.com\/wp-content\/uploads\/2017\/11\/BO2_Bota_Senior_Hockey_2-300x200.jpg 300w, https:\/\/www.mcroller.com\/wp-content\/uploads\/2017\/11\/BO2_Bota_Senior_Hockey_2-768x512.jpg 768w, https:\/\/www.mcroller.com\/wp-content\/uploads\/2017\/11\/BO2_Bota_Senior_Hockey_2-1024x683.jpg 1024w, https:\/\/www.mcroller.com\/wp-content\/uploads\/2017\/11\/BO2_Bota_Senior_Hockey_2-550x367.jpg 550w\" sizes=\"(max-width: 706px) 89vw, (max-width: 767px) 82vw, 740px\" \/><\/p>\n","protected":false},"excerpt":{"rendered":"<p>Botas de h\u00f3quei em patins profissional S\u00e9nior<\/p>\n<p>Fabricadas com biqueira e calcanhar refor\u00e7ados e muito confort\u00e1veis.<\/p>\n<p>Acabamentos resistentes e de alta qualidade.<\/p>\n<p>Dispon\u00edveis em v\u00e1rios tamanhos e com um atraente azul e branco.<\/p>\n","protected":false},"featured_media":683,"template":"","meta":[],"product_cat":[137],"product_tag":[],"acf":[],"yoast_head":"<!-- This site is optimized with the Yoast SEO plugin v18.5.1 - https:\/\/yoast.com\/wordpress\/plugins\/seo\/ -->\n<title>Bota de h\u00f3quei senior | Hockey McRoller Loja<\/title>\n<meta name=\"robots\" content=\"index, follow, max-snippet:-1, max-image-preview:large, max-video-preview:-1\" \/>\n<link rel=\"canonical\" href=\"https:\/\/www.mcroller.com\/pt\/tienda\/bota-hockey-senior\/\" \/>\n<meta property=\"og:locale\" content=\"pt_PT\" \/>\n<meta property=\"og:type\" content=\"article\" \/>\n<meta property=\"og:title\" content=\"Bota de h\u00f3quei senior | Hockey McRoller Loja\" \/>\n<meta property=\"og:description\" content=\"Botas de h\u00f3quei em patins profissional S\u00e9nior  Fabricadas com biqueira e calcanhar refor\u00e7ados e muito confort\u00e1veis.  Acabamentos resistentes e de alta qualidade.  Dispon\u00edveis em v\u00e1rios tamanhos e com um atraente azul e branco.\" \/>\n<meta property=\"og:url\" content=\"https:\/\/www.mcroller.com\/pt\/tienda\/bota-hockey-senior\/\" \/>\n<meta property=\"og:site_name\" content=\"Hockey McRoller Loja\" \/>\n<meta property=\"article:publisher\" content=\"https:\/\/www.facebook.com\/McRoller-184371304938402\/\" \/>\n<meta property=\"article:modified_time\" content=\"2025-09-11T15:27:01+00:00\" \/>\n<meta property=\"og:image\" content=\"https:\/\/www.mcroller.com\/wp-content\/uploads\/2017\/11\/BO2_Bota_Senior_Hockey_2.jpg\" \/>\n\t<meta property=\"og:image:width\" content=\"1920\" \/>\n\t<meta property=\"og:image:height\" content=\"1280\" \/>\n\t<meta property=\"og:image:type\" content=\"image\/jpeg\" \/>\n<meta name=\"twitter:card\" content=\"summary_large_image\" \/>\n<script type=\"application\/ld+json\" class=\"yoast-schema-graph\">{\"@context\":\"https:\/\/schema.org\",\"@graph\":[{\"@type\":\"WebSite\",\"@id\":\"https:\/\/www.mcroller.com\/pt\/#website\",\"url\":\"https:\/\/www.mcroller.com\/pt\/\",\"name\":\"Hockey McRoller Loja\",\"description\":\"\",\"potentialAction\":[{\"@type\":\"SearchAction\",\"target\":{\"@type\":\"EntryPoint\",\"urlTemplate\":\"https:\/\/www.mcroller.com\/pt\/?s={search_term_string}\"},\"query-input\":\"required name=search_term_string\"}],\"inLanguage\":\"pt-PT\"},{\"@type\":\"ImageObject\",\"@id\":\"https:\/\/www.mcroller.com\/pt\/tienda\/bota-hockey-senior\/#primaryimage\",\"inLanguage\":\"pt-PT\",\"url\":\"https:\/\/www.mcroller.com\/wp-content\/uploads\/2017\/11\/BO2_Bota_Senior_Hockey_2.jpg\",\"contentUrl\":\"https:\/\/www.mcroller.com\/wp-content\/uploads\/2017\/11\/BO2_Bota_Senior_Hockey_2.jpg\",\"width\":1920,\"height\":1280,\"caption\":\"boot hockey initiation mcroller\"},{\"@type\":\"WebPage\",\"@id\":\"https:\/\/www.mcroller.com\/pt\/tienda\/bota-hockey-senior\/#webpage\",\"url\":\"https:\/\/www.mcroller.com\/pt\/tienda\/bota-hockey-senior\/\",\"name\":\"Bota de h\u00f3quei senior | Hockey McRoller Loja\",\"isPartOf\":{\"@id\":\"https:\/\/www.mcroller.com\/pt\/#website\"},\"primaryImageOfPage\":{\"@id\":\"https:\/\/www.mcroller.com\/pt\/tienda\/bota-hockey-senior\/#primaryimage\"},\"datePublished\":\"2017-11-06T17:52:48+00:00\",\"dateModified\":\"2025-09-11T15:27:01+00:00\",\"breadcrumb\":{\"@id\":\"https:\/\/www.mcroller.com\/pt\/tienda\/bota-hockey-senior\/#breadcrumb\"},\"inLanguage\":\"pt-PT\",\"potentialAction\":[{\"@type\":\"ReadAction\",\"target\":[[\"https:\/\/www.mcroller.com\/pt\/tienda\/bota-hockey-senior\/\"]]}]},{\"@type\":\"BreadcrumbList\",\"@id\":\"https:\/\/www.mcroller.com\/pt\/tienda\/bota-hockey-senior\/#breadcrumb\",\"itemListElement\":[{\"@type\":\"ListItem\",\"position\":1,\"name\":\"In\u00edcio\",\"item\":\"https:\/\/www.mcroller.com\/pt\/\"},{\"@type\":\"ListItem\",\"position\":2,\"name\":\"Homepage\",\"item\":\"https:\/\/www.mcroller.com\/pt\/\"},{\"@type\":\"ListItem\",\"position\":3,\"name\":\"Bota hockey Senior\"}]}]}<\/script>\n<!-- \/ Yoast SEO plugin. -->","yoast_head_json":{"title":"Bota de h\u00f3quei senior | Hockey McRoller Loja","robots":{"index":"index","follow":"follow","max-snippet":"max-snippet:-1","max-image-preview":"max-image-preview:large","max-video-preview":"max-video-preview:-1"},"canonical":"https:\/\/www.mcroller.com\/pt\/tienda\/bota-hockey-senior\/","og_locale":"pt_PT","og_type":"article","og_title":"Bota de h\u00f3quei senior | Hockey McRoller Loja","og_description":"Botas de h\u00f3quei em patins profissional S\u00e9nior  Fabricadas com biqueira e calcanhar refor\u00e7ados e muito confort\u00e1veis.  Acabamentos resistentes e de alta qualidade.  Dispon\u00edveis em v\u00e1rios tamanhos e com um atraente azul e branco.","og_url":"https:\/\/www.mcroller.com\/pt\/tienda\/bota-hockey-senior\/","og_site_name":"Hockey McRoller Loja","article_publisher":"https:\/\/www.facebook.com\/McRoller-184371304938402\/","article_modified_time":"2025-09-11T15:27:01+00:00","og_image":[{"width":1920,"height":1280,"url":"https:\/\/www.mcroller.com\/wp-content\/uploads\/2017\/11\/BO2_Bota_Senior_Hockey_2.jpg","type":"image\/jpeg"}],"twitter_card":"summary_large_image","schema":{"@context":"https:\/\/schema.org","@graph":[{"@type":"WebSite","@id":"https:\/\/www.mcroller.com\/pt\/#website","url":"https:\/\/www.mcroller.com\/pt\/","name":"Hockey McRoller Loja","description":"","potentialAction":[{"@type":"SearchAction","target":{"@type":"EntryPoint","urlTemplate":"https:\/\/www.mcroller.com\/pt\/?s={search_term_string}"},"query-input":"required name=search_term_string"}],"inLanguage":"pt-PT"},{"@type":"ImageObject","@id":"https:\/\/www.mcroller.com\/pt\/tienda\/bota-hockey-senior\/#primaryimage","inLanguage":"pt-PT","url":"https:\/\/www.mcroller.com\/wp-content\/uploads\/2017\/11\/BO2_Bota_Senior_Hockey_2.jpg","contentUrl":"https:\/\/www.mcroller.com\/wp-content\/uploads\/2017\/11\/BO2_Bota_Senior_Hockey_2.jpg","width":1920,"height":1280,"caption":"boot hockey initiation mcroller"},{"@type":"WebPage","@id":"https:\/\/www.mcroller.com\/pt\/tienda\/bota-hockey-senior\/#webpage","url":"https:\/\/www.mcroller.com\/pt\/tienda\/bota-hockey-senior\/","name":"Bota de h\u00f3quei senior | Hockey McRoller Loja","isPartOf":{"@id":"https:\/\/www.mcroller.com\/pt\/#website"},"primaryImageOfPage":{"@id":"https:\/\/www.mcroller.com\/pt\/tienda\/bota-hockey-senior\/#primaryimage"},"datePublished":"2017-11-06T17:52:48+00:00","dateModified":"2025-09-11T15:27:01+00:00","breadcrumb":{"@id":"https:\/\/www.mcroller.com\/pt\/tienda\/bota-hockey-senior\/#breadcrumb"},"inLanguage":"pt-PT","potentialAction":[{"@type":"ReadAction","target":[["https:\/\/www.mcroller.com\/pt\/tienda\/bota-hockey-senior\/"]]}]},{"@type":"BreadcrumbList","@id":"https:\/\/www.mcroller.com\/pt\/tienda\/bota-hockey-senior\/#breadcrumb","itemListElement":[{"@type":"ListItem","position":1,"name":"In\u00edcio","item":"https:\/\/www.mcroller.com\/pt\/"},{"@type":"ListItem","position":2,"name":"Homepage","item":"https:\/\/www.mcroller.com\/pt\/"},{"@type":"ListItem","position":3,"name":"Bota hockey Senior"}]}]}},"_links":{"self":[{"href":"https:\/\/www.mcroller.com\/pt\/wp-json\/wp\/v2\/product\/835"}],"collection":[{"href":"https:\/\/www.mcroller.com\/pt\/wp-json\/wp\/v2\/product"}],"about":[{"href":"https:\/\/www.mcroller.com\/pt\/wp-json\/wp\/v2\/types\/product"}],"wp:featuredmedia":[{"embeddable":true,"href":"https:\/\/www.mcroller.com\/pt\/wp-json\/wp\/v2\/media\/683"}],"wp:attachment":[{"href":"https:\/\/www.mcroller.com\/pt\/wp-json\/wp\/v2\/media?parent=835"}],"wp:term":[{"taxonomy":"product_cat","embeddable":true,"href":"https:\/\/www.mcroller.com\/pt\/wp-json\/wp\/v2\/product_cat?post=835"},{"taxonomy":"product_tag","embeddable":true,"href":"https:\/\/www.mcroller.com\/pt\/wp-json\/wp\/v2\/product_tag?post=835"}],"curies":[{"name":"wp","href":"https:\/\/api.w.org\/{rel}","templated":true}]}}