{"id":927,"date":"2017-11-07T16:44:21","date_gmt":"2017-11-07T16:44:21","guid":{"rendered":"https:\/\/www.mcroller.com\/?post_type=product&#038;p=927"},"modified":"2025-09-28T10:20:33","modified_gmt":"2025-09-28T10:20:33","slug":"trolley-goalkeeper","status":"publish","type":"product","link":"https:\/\/www.mcroller.com\/pt\/loja\/trolley-goalkeeper\/","title":{"rendered":"Saco Trolley Guarda Redes Hockey em patins"},"content":{"rendered":"<p class=\"qtranxs-available-languages-message qtranxs-available-languages-message-pt\">Desculpe, este conte\u00fado s\u00f3 est\u00e1 dispon\u00edvel em <a href=\"https:\/\/www.mcroller.com\/es\/wp-json\/wp\/v2\/product\/927\" class=\"qtranxs-available-language-link qtranxs-available-language-link-es\" title=\"Cast\">espanhol europeu<\/a>.<\/p>","protected":false},"excerpt":{"rendered":"<p>Saco Trolley de guarda redes de h\u00f3quei em patins McRoller, fabricada com o melhor poli\u00e9ster.<\/p>\n<p>Concebida com rodas grandes e resistentes e com costuras de alta qualidade, para ser muito resistente no dia-a-dia.<\/p>\n<p>Dispon\u00edvel em uma vasta gama de cores<\/p>\n","protected":false},"featured_media":777,"template":"","meta":[],"product_cat":[147],"product_tag":[],"acf":[],"yoast_head":"<!-- This site is optimized with the Yoast SEO plugin v18.5.1 - https:\/\/yoast.com\/wordpress\/plugins\/seo\/ -->\n<title>Saco Trolley Guarda Redes Hockey em patins  | Hockey McRoller Loja<\/title>\n<meta name=\"robots\" content=\"index, follow, max-snippet:-1, max-image-preview:large, max-video-preview:-1\" \/>\n<link rel=\"canonical\" href=\"https:\/\/www.mcroller.com\/pt\/tienda\/trolley-goalkeeper\/\" \/>\n<meta property=\"og:locale\" content=\"pt_PT\" \/>\n<meta property=\"og:type\" content=\"article\" \/>\n<meta property=\"og:title\" content=\"Saco Trolley Guarda Redes Hockey em patins  | Hockey McRoller Loja\" \/>\n<meta property=\"og:description\" content=\"Saco Trolley de guarda redes de h\u00f3quei em patins McRoller, fabricada com o melhor poli\u00e9ster.  Concebida com rodas grandes e resistentes e com costuras de alta qualidade, para ser muito resistente no dia-a-dia.  Dispon\u00edvel em uma vasta gama de cores\" \/>\n<meta property=\"og:url\" content=\"https:\/\/www.mcroller.com\/pt\/tienda\/trolley-goalkeeper\/\" \/>\n<meta property=\"og:site_name\" content=\"Hockey McRoller Loja\" \/>\n<meta property=\"article:publisher\" content=\"https:\/\/www.facebook.com\/McRoller-184371304938402\/\" \/>\n<meta property=\"article:modified_time\" content=\"2025-09-28T10:20:33+00:00\" \/>\n<meta property=\"og:image\" content=\"https:\/\/www.mcroller.com\/wp-content\/uploads\/2017\/11\/TRG_90cm-Trolley-portero-hockey-e1532019482498.jpg\" \/>\n\t<meta property=\"og:image:width\" content=\"1200\" \/>\n\t<meta property=\"og:image:height\" content=\"800\" \/>\n\t<meta property=\"og:image:type\" content=\"image\/jpeg\" \/>\n<meta name=\"twitter:card\" content=\"summary_large_image\" \/>\n<script type=\"application\/ld+json\" class=\"yoast-schema-graph\">{\"@context\":\"https:\/\/schema.org\",\"@graph\":[{\"@type\":\"WebSite\",\"@id\":\"https:\/\/www.mcroller.com\/pt\/#website\",\"url\":\"https:\/\/www.mcroller.com\/pt\/\",\"name\":\"Hockey McRoller Loja\",\"description\":\"\",\"potentialAction\":[{\"@type\":\"SearchAction\",\"target\":{\"@type\":\"EntryPoint\",\"urlTemplate\":\"https:\/\/www.mcroller.com\/pt\/?s={search_term_string}\"},\"query-input\":\"required name=search_term_string\"}],\"inLanguage\":\"pt-PT\"},{\"@type\":\"ImageObject\",\"@id\":\"https:\/\/www.mcroller.com\/pt\/tienda\/trolley-goalkeeper\/#primaryimage\",\"inLanguage\":\"pt-PT\",\"url\":\"https:\/\/www.mcroller.com\/wp-content\/uploads\/2017\/11\/TRG_90cm-Trolley-portero-hockey-e1532019482498.jpg\",\"contentUrl\":\"https:\/\/www.mcroller.com\/wp-content\/uploads\/2017\/11\/TRG_90cm-Trolley-portero-hockey-e1532019482498.jpg\",\"width\":1200,\"height\":800,\"caption\":\"goleiro de trole mcroller hockey\"},{\"@type\":\"WebPage\",\"@id\":\"https:\/\/www.mcroller.com\/pt\/tienda\/trolley-goalkeeper\/#webpage\",\"url\":\"https:\/\/www.mcroller.com\/pt\/tienda\/trolley-goalkeeper\/\",\"name\":\"Saco Trolley Guarda Redes Hockey em patins  | Hockey McRoller Loja\",\"isPartOf\":{\"@id\":\"https:\/\/www.mcroller.com\/pt\/#website\"},\"primaryImageOfPage\":{\"@id\":\"https:\/\/www.mcroller.com\/pt\/tienda\/trolley-goalkeeper\/#primaryimage\"},\"datePublished\":\"2017-11-07T16:44:21+00:00\",\"dateModified\":\"2025-09-28T10:20:33+00:00\",\"breadcrumb\":{\"@id\":\"https:\/\/www.mcroller.com\/pt\/tienda\/trolley-goalkeeper\/#breadcrumb\"},\"inLanguage\":\"pt-PT\",\"potentialAction\":[{\"@type\":\"ReadAction\",\"target\":[[\"https:\/\/www.mcroller.com\/pt\/tienda\/trolley-goalkeeper\/\"]]}]},{\"@type\":\"BreadcrumbList\",\"@id\":\"https:\/\/www.mcroller.com\/pt\/tienda\/trolley-goalkeeper\/#breadcrumb\",\"itemListElement\":[{\"@type\":\"ListItem\",\"position\":1,\"name\":\"In\u00edcio\",\"item\":\"https:\/\/www.mcroller.com\/pt\/\"},{\"@type\":\"ListItem\",\"position\":2,\"name\":\"Homepage\",\"item\":\"https:\/\/www.mcroller.com\/pt\/\"},{\"@type\":\"ListItem\",\"position\":3,\"name\":\"Trolley Portero Hockey Patines\"}]}]}<\/script>\n<!-- \/ Yoast SEO plugin. -->","yoast_head_json":{"title":"Saco Trolley Guarda Redes Hockey em patins  | Hockey McRoller Loja","robots":{"index":"index","follow":"follow","max-snippet":"max-snippet:-1","max-image-preview":"max-image-preview:large","max-video-preview":"max-video-preview:-1"},"canonical":"https:\/\/www.mcroller.com\/pt\/tienda\/trolley-goalkeeper\/","og_locale":"pt_PT","og_type":"article","og_title":"Saco Trolley Guarda Redes Hockey em patins  | Hockey McRoller Loja","og_description":"Saco Trolley de guarda redes de h\u00f3quei em patins McRoller, fabricada com o melhor poli\u00e9ster.  Concebida com rodas grandes e resistentes e com costuras de alta qualidade, para ser muito resistente no dia-a-dia.  Dispon\u00edvel em uma vasta gama de cores","og_url":"https:\/\/www.mcroller.com\/pt\/tienda\/trolley-goalkeeper\/","og_site_name":"Hockey McRoller Loja","article_publisher":"https:\/\/www.facebook.com\/McRoller-184371304938402\/","article_modified_time":"2025-09-28T10:20:33+00:00","og_image":[{"width":1200,"height":800,"url":"https:\/\/www.mcroller.com\/wp-content\/uploads\/2017\/11\/TRG_90cm-Trolley-portero-hockey-e1532019482498.jpg","type":"image\/jpeg"}],"twitter_card":"summary_large_image","schema":{"@context":"https:\/\/schema.org","@graph":[{"@type":"WebSite","@id":"https:\/\/www.mcroller.com\/pt\/#website","url":"https:\/\/www.mcroller.com\/pt\/","name":"Hockey McRoller Loja","description":"","potentialAction":[{"@type":"SearchAction","target":{"@type":"EntryPoint","urlTemplate":"https:\/\/www.mcroller.com\/pt\/?s={search_term_string}"},"query-input":"required name=search_term_string"}],"inLanguage":"pt-PT"},{"@type":"ImageObject","@id":"https:\/\/www.mcroller.com\/pt\/tienda\/trolley-goalkeeper\/#primaryimage","inLanguage":"pt-PT","url":"https:\/\/www.mcroller.com\/wp-content\/uploads\/2017\/11\/TRG_90cm-Trolley-portero-hockey-e1532019482498.jpg","contentUrl":"https:\/\/www.mcroller.com\/wp-content\/uploads\/2017\/11\/TRG_90cm-Trolley-portero-hockey-e1532019482498.jpg","width":1200,"height":800,"caption":"goleiro de trole mcroller hockey"},{"@type":"WebPage","@id":"https:\/\/www.mcroller.com\/pt\/tienda\/trolley-goalkeeper\/#webpage","url":"https:\/\/www.mcroller.com\/pt\/tienda\/trolley-goalkeeper\/","name":"Saco Trolley Guarda Redes Hockey em patins  | Hockey McRoller Loja","isPartOf":{"@id":"https:\/\/www.mcroller.com\/pt\/#website"},"primaryImageOfPage":{"@id":"https:\/\/www.mcroller.com\/pt\/tienda\/trolley-goalkeeper\/#primaryimage"},"datePublished":"2017-11-07T16:44:21+00:00","dateModified":"2025-09-28T10:20:33+00:00","breadcrumb":{"@id":"https:\/\/www.mcroller.com\/pt\/tienda\/trolley-goalkeeper\/#breadcrumb"},"inLanguage":"pt-PT","potentialAction":[{"@type":"ReadAction","target":[["https:\/\/www.mcroller.com\/pt\/tienda\/trolley-goalkeeper\/"]]}]},{"@type":"BreadcrumbList","@id":"https:\/\/www.mcroller.com\/pt\/tienda\/trolley-goalkeeper\/#breadcrumb","itemListElement":[{"@type":"ListItem","position":1,"name":"In\u00edcio","item":"https:\/\/www.mcroller.com\/pt\/"},{"@type":"ListItem","position":2,"name":"Homepage","item":"https:\/\/www.mcroller.com\/pt\/"},{"@type":"ListItem","position":3,"name":"Trolley Portero Hockey Patines"}]}]}},"_links":{"self":[{"href":"https:\/\/www.mcroller.com\/pt\/wp-json\/wp\/v2\/product\/927"}],"collection":[{"href":"https:\/\/www.mcroller.com\/pt\/wp-json\/wp\/v2\/product"}],"about":[{"href":"https:\/\/www.mcroller.com\/pt\/wp-json\/wp\/v2\/types\/product"}],"wp:featuredmedia":[{"embeddable":true,"href":"https:\/\/www.mcroller.com\/pt\/wp-json\/wp\/v2\/media\/777"}],"wp:attachment":[{"href":"https:\/\/www.mcroller.com\/pt\/wp-json\/wp\/v2\/media?parent=927"}],"wp:term":[{"taxonomy":"product_cat","embeddable":true,"href":"https:\/\/www.mcroller.com\/pt\/wp-json\/wp\/v2\/product_cat?post=927"},{"taxonomy":"product_tag","embeddable":true,"href":"https:\/\/www.mcroller.com\/pt\/wp-json\/wp\/v2\/product_tag?post=927"}],"curies":[{"name":"wp","href":"https:\/\/api.w.org\/{rel}","templated":true}]}}