{"id":945,"date":"2017-11-07T17:10:31","date_gmt":"2017-11-07T17:10:31","guid":{"rendered":"https:\/\/www.mcroller.com\/?post_type=product&#038;p=945"},"modified":"2025-12-16T09:45:03","modified_gmt":"2025-12-16T09:45:03","slug":"backpack-artistic-skating","status":"publish","type":"product","link":"https:\/\/www.mcroller.com\/pt\/loja\/backpack-patinacao-artistica\/","title":{"rendered":"BACKPACK Patina\u00e7\u00e3o Artistica Multicolor"},"content":{"rendered":"","protected":false},"excerpt":{"rendered":"<p>Mochila McRoller de patinagem art\u00edstica.<\/p>\n<p>Inovador compartimento central para guardar o equipamento.<\/p>\n<p>Inovador design, confort\u00e1vel e resistente.<\/p>\n<p>Dispon\u00edvel em uma vasta gama de cores<\/p>\n","protected":false},"featured_media":1390,"template":"","meta":[],"product_cat":[131],"product_tag":[],"acf":[],"yoast_head":"<!-- This site is optimized with the Yoast SEO plugin v18.5.1 - https:\/\/yoast.com\/wordpress\/plugins\/seo\/ -->\n<title>BACKPACK Patina\u00e7\u00e3o Artistica Multicolor | Hockey McRoller Loja<\/title>\n<meta name=\"robots\" content=\"index, follow, max-snippet:-1, max-image-preview:large, max-video-preview:-1\" \/>\n<link rel=\"canonical\" href=\"https:\/\/www.mcroller.com\/pt\/tienda\/mochilas-patinaje-artistico-multicolor\/\" \/>\n<meta property=\"og:locale\" content=\"pt_PT\" \/>\n<meta property=\"og:type\" content=\"article\" \/>\n<meta property=\"og:title\" content=\"BACKPACK Patina\u00e7\u00e3o Artistica Multicolor | Hockey McRoller Loja\" \/>\n<meta property=\"og:description\" content=\"Mochila McRoller de patinagem art\u00edstica.  Inovador compartimento central para guardar o equipamento.  Inovador design, confort\u00e1vel e resistente.  Dispon\u00edvel em uma vasta gama de cores\" \/>\n<meta property=\"og:url\" content=\"https:\/\/www.mcroller.com\/pt\/tienda\/mochilas-patinaje-artistico-multicolor\/\" \/>\n<meta property=\"og:site_name\" content=\"Hockey McRoller Loja\" \/>\n<meta property=\"article:publisher\" content=\"https:\/\/www.facebook.com\/McRoller-184371304938402\/\" \/>\n<meta property=\"article:modified_time\" content=\"2025-12-16T09:45:03+00:00\" \/>\n<meta property=\"og:image\" content=\"https:\/\/www.mcroller.com\/wp-content\/uploads\/2018\/03\/BSM_sdfsdf-compressor-e1532072066463.jpg\" \/>\n\t<meta property=\"og:image:width\" content=\"1200\" \/>\n\t<meta property=\"og:image:height\" content=\"800\" \/>\n\t<meta property=\"og:image:type\" content=\"image\/jpeg\" \/>\n<meta name=\"twitter:card\" content=\"summary_large_image\" \/>\n<script type=\"application\/ld+json\" class=\"yoast-schema-graph\">{\"@context\":\"https:\/\/schema.org\",\"@graph\":[{\"@type\":\"WebSite\",\"@id\":\"https:\/\/www.mcroller.com\/pt\/#website\",\"url\":\"https:\/\/www.mcroller.com\/pt\/\",\"name\":\"Hockey McRoller Loja\",\"description\":\"\",\"potentialAction\":[{\"@type\":\"SearchAction\",\"target\":{\"@type\":\"EntryPoint\",\"urlTemplate\":\"https:\/\/www.mcroller.com\/pt\/?s={search_term_string}\"},\"query-input\":\"required name=search_term_string\"}],\"inLanguage\":\"pt-PT\"},{\"@type\":\"ImageObject\",\"@id\":\"https:\/\/www.mcroller.com\/pt\/tienda\/mochilas-patinaje-artistico-multicolor\/#primaryimage\",\"inLanguage\":\"pt-PT\",\"url\":\"https:\/\/www.mcroller.com\/wp-content\/uploads\/2018\/03\/BSM_sdfsdf-compressor-e1532072066463.jpg\",\"contentUrl\":\"https:\/\/www.mcroller.com\/wp-content\/uploads\/2018\/03\/BSM_sdfsdf-compressor-e1532072066463.jpg\",\"width\":1200,\"height\":800,\"caption\":\"Mcroller sac de skate artistique\"},{\"@type\":\"WebPage\",\"@id\":\"https:\/\/www.mcroller.com\/pt\/tienda\/mochilas-patinaje-artistico-multicolor\/#webpage\",\"url\":\"https:\/\/www.mcroller.com\/pt\/tienda\/mochilas-patinaje-artistico-multicolor\/\",\"name\":\"BACKPACK Patina\u00e7\u00e3o Artistica Multicolor | Hockey McRoller Loja\",\"isPartOf\":{\"@id\":\"https:\/\/www.mcroller.com\/pt\/#website\"},\"primaryImageOfPage\":{\"@id\":\"https:\/\/www.mcroller.com\/pt\/tienda\/mochilas-patinaje-artistico-multicolor\/#primaryimage\"},\"datePublished\":\"2017-11-07T17:10:31+00:00\",\"dateModified\":\"2025-12-16T09:45:03+00:00\",\"breadcrumb\":{\"@id\":\"https:\/\/www.mcroller.com\/pt\/tienda\/mochilas-patinaje-artistico-multicolor\/#breadcrumb\"},\"inLanguage\":\"pt-PT\",\"potentialAction\":[{\"@type\":\"ReadAction\",\"target\":[[\"https:\/\/www.mcroller.com\/pt\/tienda\/mochilas-patinaje-artistico-multicolor\/\"]]}]},{\"@type\":\"BreadcrumbList\",\"@id\":\"https:\/\/www.mcroller.com\/pt\/tienda\/mochilas-patinaje-artistico-multicolor\/#breadcrumb\",\"itemListElement\":[{\"@type\":\"ListItem\",\"position\":1,\"name\":\"In\u00edcio\",\"item\":\"https:\/\/www.mcroller.com\/pt\/\"},{\"@type\":\"ListItem\",\"position\":2,\"name\":\"Homepage\",\"item\":\"https:\/\/www.mcroller.com\/pt\/\"},{\"@type\":\"ListItem\",\"position\":3,\"name\":\"Mochilas Patinaje Art\u00edstico Multicolor\"}]}]}<\/script>\n<!-- \/ Yoast SEO plugin. -->","yoast_head_json":{"title":"BACKPACK Patina\u00e7\u00e3o Artistica Multicolor | Hockey McRoller Loja","robots":{"index":"index","follow":"follow","max-snippet":"max-snippet:-1","max-image-preview":"max-image-preview:large","max-video-preview":"max-video-preview:-1"},"canonical":"https:\/\/www.mcroller.com\/pt\/tienda\/mochilas-patinaje-artistico-multicolor\/","og_locale":"pt_PT","og_type":"article","og_title":"BACKPACK Patina\u00e7\u00e3o Artistica Multicolor | Hockey McRoller Loja","og_description":"Mochila McRoller de patinagem art\u00edstica.  Inovador compartimento central para guardar o equipamento.  Inovador design, confort\u00e1vel e resistente.  Dispon\u00edvel em uma vasta gama de cores","og_url":"https:\/\/www.mcroller.com\/pt\/tienda\/mochilas-patinaje-artistico-multicolor\/","og_site_name":"Hockey McRoller Loja","article_publisher":"https:\/\/www.facebook.com\/McRoller-184371304938402\/","article_modified_time":"2025-12-16T09:45:03+00:00","og_image":[{"width":1200,"height":800,"url":"https:\/\/www.mcroller.com\/wp-content\/uploads\/2018\/03\/BSM_sdfsdf-compressor-e1532072066463.jpg","type":"image\/jpeg"}],"twitter_card":"summary_large_image","schema":{"@context":"https:\/\/schema.org","@graph":[{"@type":"WebSite","@id":"https:\/\/www.mcroller.com\/pt\/#website","url":"https:\/\/www.mcroller.com\/pt\/","name":"Hockey McRoller Loja","description":"","potentialAction":[{"@type":"SearchAction","target":{"@type":"EntryPoint","urlTemplate":"https:\/\/www.mcroller.com\/pt\/?s={search_term_string}"},"query-input":"required name=search_term_string"}],"inLanguage":"pt-PT"},{"@type":"ImageObject","@id":"https:\/\/www.mcroller.com\/pt\/tienda\/mochilas-patinaje-artistico-multicolor\/#primaryimage","inLanguage":"pt-PT","url":"https:\/\/www.mcroller.com\/wp-content\/uploads\/2018\/03\/BSM_sdfsdf-compressor-e1532072066463.jpg","contentUrl":"https:\/\/www.mcroller.com\/wp-content\/uploads\/2018\/03\/BSM_sdfsdf-compressor-e1532072066463.jpg","width":1200,"height":800,"caption":"Mcroller sac de skate artistique"},{"@type":"WebPage","@id":"https:\/\/www.mcroller.com\/pt\/tienda\/mochilas-patinaje-artistico-multicolor\/#webpage","url":"https:\/\/www.mcroller.com\/pt\/tienda\/mochilas-patinaje-artistico-multicolor\/","name":"BACKPACK Patina\u00e7\u00e3o Artistica Multicolor | Hockey McRoller Loja","isPartOf":{"@id":"https:\/\/www.mcroller.com\/pt\/#website"},"primaryImageOfPage":{"@id":"https:\/\/www.mcroller.com\/pt\/tienda\/mochilas-patinaje-artistico-multicolor\/#primaryimage"},"datePublished":"2017-11-07T17:10:31+00:00","dateModified":"2025-12-16T09:45:03+00:00","breadcrumb":{"@id":"https:\/\/www.mcroller.com\/pt\/tienda\/mochilas-patinaje-artistico-multicolor\/#breadcrumb"},"inLanguage":"pt-PT","potentialAction":[{"@type":"ReadAction","target":[["https:\/\/www.mcroller.com\/pt\/tienda\/mochilas-patinaje-artistico-multicolor\/"]]}]},{"@type":"BreadcrumbList","@id":"https:\/\/www.mcroller.com\/pt\/tienda\/mochilas-patinaje-artistico-multicolor\/#breadcrumb","itemListElement":[{"@type":"ListItem","position":1,"name":"In\u00edcio","item":"https:\/\/www.mcroller.com\/pt\/"},{"@type":"ListItem","position":2,"name":"Homepage","item":"https:\/\/www.mcroller.com\/pt\/"},{"@type":"ListItem","position":3,"name":"Mochilas Patinaje Art\u00edstico Multicolor"}]}]}},"_links":{"self":[{"href":"https:\/\/www.mcroller.com\/pt\/wp-json\/wp\/v2\/product\/945"}],"collection":[{"href":"https:\/\/www.mcroller.com\/pt\/wp-json\/wp\/v2\/product"}],"about":[{"href":"https:\/\/www.mcroller.com\/pt\/wp-json\/wp\/v2\/types\/product"}],"wp:featuredmedia":[{"embeddable":true,"href":"https:\/\/www.mcroller.com\/pt\/wp-json\/wp\/v2\/media\/1390"}],"wp:attachment":[{"href":"https:\/\/www.mcroller.com\/pt\/wp-json\/wp\/v2\/media?parent=945"}],"wp:term":[{"taxonomy":"product_cat","embeddable":true,"href":"https:\/\/www.mcroller.com\/pt\/wp-json\/wp\/v2\/product_cat?post=945"},{"taxonomy":"product_tag","embeddable":true,"href":"https:\/\/www.mcroller.com\/pt\/wp-json\/wp\/v2\/product_tag?post=945"}],"curies":[{"name":"wp","href":"https:\/\/api.w.org\/{rel}","templated":true}]}}